{"id":832,"date":"2023-03-21T21:50:41","date_gmt":"2023-03-21T14:50:41","guid":{"rendered":"https:\/\/demo8.thanhdientech.com\/menard\/?page_id=832"},"modified":"2023-03-21T21:50:41","modified_gmt":"2023-03-21T14:50:41","slug":"he-thong-cua-hang","status":"publish","type":"page","link":"https:\/\/demo8.thanhdientech.com\/menard\/he-thong-cua-hang.html","title":{"rendered":"H\u1ec6 TH\u1ed0NG C\u1eecA H\u00c0NG"},"content":{"rendered":"<h2>KHU V\u1ef0C H\u00c0 N\u1ed8I:<span id=\"KHU_VUC_HA_NOI\" class=\"ez-toc-section\"><\/span><\/h2>\n<p class=\"p-first-class\"><strong>MENARD SHOP \u2013 SPA B\u1edc H\u1ed2<\/strong><\/p>\n<ul>\n<li>Hotline: 0379010101<\/li>\n<li>\u0110i\u1ec7n tho\u1ea1i: 024 3938 1633 \/ 024 3938 1632<\/li>\n<li>\u0110\u1ecba ch\u1ec9: 34 L\u00ea Th\u00e1i T\u1ed5 \u2013 B\u1edd H\u1ed3 \u2013 Q. Ho\u00e0n Ki\u1ebfm \u2013 H\u00e0 N\u1ed9i<\/li>\n<\/ul>\n<p><strong>MENARD SHOP \u2013 SPA L\u00dd TH\u01af\u1edcNG KI\u1ec6T<\/strong><\/p>\n<ul>\n<li>Hotline: 0379010101<\/li>\n<li>\u0110i\u1ec7n tho\u1ea1i: 02439387701<\/li>\n<li>\u0110\u1ecba ch\u1ec9: T\u1ea7ng 1 \u2013 T\u00f2a nh\u00e0 Hanoi Tourist \u2013 18 L\u00fd Th\u01b0\u1eddng Ki\u1ec7t \u2013 Q. Ho\u00e0n Ki\u1ebfm \u2013 H\u00e0 N\u1ed9i<\/li>\n<\/ul>\n<p><strong>MENARD SHOP \u2013 SPA NGUY\u1ec4N DU<\/strong><\/p>\n<ul>\n<li>Hotline: 0379010101<\/li>\n<li>\u0110i\u1ec7n tho\u1ea1i: 02439365801 \/ 02439369440<\/li>\n<li>\u0110\u1ecba ch\u1ec9: 76 Nguy\u1ec5n Du \u2013 Q. Hai B\u00e0 Tr\u01b0ng \u2013 H\u00e0 N\u1ed9i<\/li>\n<\/ul>\n<p><strong>MENARD SHOP \u2013 SPA TU\u1ec6 T\u0128NH<\/strong><\/p>\n<ul>\n<li>Hotline: 0379010101<\/li>\n<li>\u0110i\u1ec7n tho\u1ea1i: 02439472509 \/ 02439744885<\/li>\n<li>\u0110\u1ecba ch\u1ec9: 35-37 Tu\u1ec7 T\u0129nh \u2013 Q. Hai B\u00e0 Tr\u01b0ng \u2013 H\u00e0 N\u1ed9i<\/li>\n<\/ul>\n<p><strong>MENARD SHOP \u2013 SPA L\u00ca V\u0102N L\u01af\u01a0NG<\/strong><\/p>\n<ul>\n<li>Hotline: 0379010101<\/li>\n<li>\u0110i\u1ec7n tho\u1ea1i: 02462510935 \/ 02462510747<\/li>\n<li>T\u1ea7ng 1 \u2013 T\u00f2a nh\u00e0 18T2 Trung H\u00f2a, Nh\u00e2n Ch\u00ednh \u2013 L\u00ea V\u0103n L\u01b0\u01a1ng \u2013 Q. Thanh Xu\u00e2n \u2013 H\u00e0 N\u1ed9i<\/li>\n<\/ul>\n<p><strong>MENARD SHOP \u2013 SPA HO\u00c0NG \u0110\u1ea0O TH\u00daY<\/strong><\/p>\n<ul>\n<li>Hotline: 0379010101<\/li>\n<li>02462824271 \/ 02462824272<\/li>\n<li>T\u1ea7ng 3 \u2013 T\u00f2a nh\u00e0 29T2 Ho\u00e0ng \u0110\u1ea1o Th\u00fay \u2013 Q. C\u1ea7u Gi\u1ea5y \u2013 H\u00e0 N\u1ed9i<\/li>\n<\/ul>\n<p><strong>MENARD SHOP \u2013 SPA GARDEN<\/strong><\/p>\n<ul>\n<li>Hotline: 0379010101<\/li>\n<li>\u0110i\u1ec7n tho\u1ea1i: 02437940187 \/ 02437940463<\/li>\n<li>\u0110\u1ecba ch\u1ec9: TTTM The Garden, M\u1ec5 Tr\u00ec, Q. Nam T\u1eeb Li\u00eam, H\u00e0 N\u1ed9i<\/li>\n<\/ul>\n<p><strong>MENARD SHOP \u2013 SPA VINCOM ROYAL<\/strong><\/p>\n<ul>\n<li>Hotline: 0379010101<\/li>\n<li>\u0110i\u1ec7n tho\u1ea1i: 02463275712<\/li>\n<li>\u0110\u1ecba ch\u1ec9 204-205-206 \u2013 T\u1ea7ng B1 \u2013 TTTM Royal City \u2013 Nguy\u1ec5n Tr\u00e3i \u2013 Q. Thanh Xu\u00e2n \u2013 H\u00e0 N\u1ed9i<\/li>\n<\/ul>\n<p><strong>MENARD SHOP \u2013 SPA DUY T\u00c2N<\/strong><\/p>\n<ul>\n<li>Hotline: 0379010101<\/li>\n<li>\u0110i\u1ec7n tho\u1ea1i: 024 37833828 \/ 024 37951251<\/li>\n<li>\u0110\u1ecba ch\u1ec9: T\u1ea7ng 1, t\u00f2a nh\u00e0 VMT \u2013 82\/1 Duy T\u00e2n \u2013 C\u1ea7u Gi\u1ea5y \u2013 H\u00e0 N\u1ed9i<\/li>\n<\/ul>\n<p><strong>MENARD COUNTER B\u00c0 TRI\u1ec6U<\/strong><\/p>\n<ul>\n<li>Hotline: 0379010101<\/li>\n<li>\u0110i\u1ec7n tho\u1ea1i: 0243978406<\/li>\n<li>\u0110\u1ecba ch\u1ec9: AMADORA WELLNESS &amp; SPA \u2013 250 B\u00e0 Tri\u1ec7u \u2013 Q. Hai B\u00e0 Tr\u01b0ng \u2013 H\u00e0 N\u1ed9i<\/li>\n<\/ul>\n<p><strong>MENARD COUNTER XU\u00c2N DI\u1ec6U<\/strong><\/p>\n<ul>\n<li>Hotline: 0379010101<\/li>\n<li>\u0110i\u1ec7n tho\u1ea1i: 0243.7951701\/0243.7951702<\/li>\n<li>\u0110\u1ecba ch\u1ec9: 50-52 Xu\u00e2n Di\u1ec7u \u2013 Q. T\u00e2y H\u1ed3 \u2013 H\u00e0 N\u1ed9i<\/li>\n<\/ul>\n<h2>KHU V\u1ef0C TP.H\u1ed2 CH\u00cd MINH:<span id=\"KHU_VUC_TPHO_CHI_MINH\" class=\"ez-toc-section\"><\/span><\/h2>\n<p><strong>MENARD COUNTER DIAMOND<\/strong><\/p>\n<ul>\n<li>Hotline: 0379010101<\/li>\n<li>\u0110i\u1ec7n tho\u1ea1i: 028 3827 3653 \/ 028 6274 3191<\/li>\n<li>\u0110\u1ecba ch\u1ec9: T\u1ea7ng tr\u1ec7t \u2013 Diamond Plaza \u2013 34 L\u00ea Du\u1ea9n \u2013 Q. 1 \u2013 TP HCM<\/li>\n<\/ul>\n<p><strong>MENARD SHOP \u2013 SPA NEW WORLD<\/strong><\/p>\n<ul>\n<li>Hotline: 0379010101<\/li>\n<li>\u0110i\u1ec7n tho\u1ea1i: 02838243735 \/ 02838258199<\/li>\n<li>\u0110\u1ecba ch\u1ec9: Shop 5, Kh\u00e1ch s\u1ea1n New World, Ph\u1ea1m H\u1ed3ng Th\u00e1i, Qu\u1eadn 1 \u2013 TP HCM<\/li>\n<\/ul>\n<p><strong>MENARD SHOP \u2013 SPA V\u00d5 TH\u1eca S\u00c1U<\/strong><\/p>\n<ul>\n<li>Hotline: 0379010101<\/li>\n<li>\u0110i\u1ec7n tho\u1ea1i: 02822101088 \/ 02838203609<\/li>\n<li>\u0110\u1ecba ch\u1ec9: 92-94-96 V\u00f5 Th\u1ecb S\u00e1u \u2013 Q.1 \u2013 TP HCM<\/li>\n<\/ul>\n<p><strong>MENARD SHOP \u2013 SPA PASTEUR<\/strong><\/p>\n<ul>\n<li>Hotline: 0379010101<\/li>\n<li>\u0110i\u1ec7n tho\u1ea1i: 02838246229<\/li>\n<li>\u0110\u1ecba ch\u1ec9: 69 Pasteur \u2013 Q. 1 \u2013 TP HCM (Ng\u00e3 t\u01b0 L\u00ea L\u1ee3i \u2013 Pasteur)<\/li>\n<\/ul>\n<p><strong>MENARD SHOP \u2013 SPA TR\u01af\u1edcNG S\u01a0N<\/strong><\/p>\n<ul>\n<li>Hotline: 0379010101<\/li>\n<li>\u0110i\u1ec7n tho\u1ea1i: 02862744218<\/li>\n<li>\u0110\u1ecba ch\u1ec9: 5A \u2013 5B Tr\u01b0\u1eddng S\u01a1n \u2013 Qu\u1eadn T\u00e2n B\u00ecnh \u2013 TP HCM<\/li>\n<\/ul>\n<p><strong>MENARD SHOP \u2013 SPA VINHOMES CENTRAL PARK<\/strong><\/p>\n<ul>\n<li>Hotline: 0379010101<\/li>\n<li>\u0110i\u1ec7n tho\u1ea1i: 02862864318<\/li>\n<li>\u0110\u1ecba ch\u1ec9: C\u0103n Shophouse SH-02, t\u00f2a L2 \u2013 Vinhomes Central Park 720 \u0110i\u1ec7n Bi\u00ean Ph\u1ee7, p.22, qu\u1eadn B\u00ecnh Th\u1ea1nh, TP HCM<\/li>\n<\/ul>\n<h2>KHU V\u1ef0C H\u1ea2I PH\u00d2NG:<span id=\"KHU_VUC_HAI_PHONG\" class=\"ez-toc-section\"><\/span><\/h2>\n<p><strong>MENARD SHOP \u2013 SPA L\u00ca H\u1ed2NG PHONG<\/strong><\/p>\n<ul>\n<li>Hotline: 0379010101<\/li>\n<li>\u0110i\u1ec7n tho\u1ea1i: 090 665 00 68<\/li>\n<li>\u0110\u1ecba ch\u1ec9: T\u1ea7ng 1-2 T\u00f2a EIC Building, S\u1ed1 10, \u0110\u01b0\u1eddng L\u00ea H\u1ed3ng Phong, H\u1ea3i An, H\u1ea3i Ph\u00f2ng<\/li>\n<\/ul>\n<p><strong>MENARD SHOP \u2013 SPA VINCOM H\u1ea2I PH\u00d2NG<\/strong><\/p>\n<ul>\n<li>Hotline: 0379010101<\/li>\n<li>\u0110i\u1ec7n tho\u1ea1i: 0912 1222 80<\/li>\n<li>\u0110\u1ecba ch\u1ec9: Shophouse \u2013 PG12-02 Vincom, s\u1ed1 1 L\u00ea Th\u00e1nh T\u00f4ng \u2013 Q. Ng\u00f4 Quy\u1ec1n \u2013 HP T\u01a1, Ng\u00f4 Quy\u1ec1n<\/li>\n<\/ul>\n<h2><strong>SHOP &amp; FACIAL SALON<\/strong><span id=\"SHOP_FACIAL_SALON\" class=\"ez-toc-section\"><\/span><\/h2>\n<p><strong>MENARD THANH H\u00d3A<\/strong><\/p>\n<ul>\n<li>Hotline: 0379 01 01 01<\/li>\n<li>\u0110i\u1ec7n tho\u1ea1i:\u00a0091 291 64 82<\/li>\n<li>\u0110\u1ecba ch\u1ec9:\u00a0L\u00f4 361 \u0110\u1ea1i l\u1ed9 \u0110\u00f4ng T\u00e2y, P. \u0110\u00f4ng V\u1ec7, TP. Thanh H\u00f3a<\/li>\n<\/ul>\n<p><strong>MENARD TUY\u00caN QUANG<\/strong><\/p>\n<ul>\n<li>Hotline: 0379 01 01 01<\/li>\n<li>\u0110i\u1ec7n tho\u1ea1i: 081 325 02 64<\/li>\n<li>\u0110\u1ecba ch\u1ec9:\u00a0<span class=\"_2iem\">C\u0103n MG4-30, Vincom Shophouse, \u0110\u01b0\u1eddng Quang Trung, P. Phan Thi\u1ebft, Tuy\u00ean Quang, Vi\u1ec7t Nam.<\/span><\/li>\n<\/ul>\n<p><strong>MENARD B\u1eaeC GIANG<\/strong><\/p>\n<ul>\n<li>Hotline: 0379 01 01 01<\/li>\n<li>\u0110i\u1ec7n tho\u1ea1i: 0836.910.910<\/li>\n<li>\u0110\u1ecba ch\u1ec9: C\u0103n 9-10 Shophouse \u0110\u1ea1i Ho\u00e0ng S\u01a1n S\u1ed1 45 \u0110\u01b0\u1eddng H\u00f9ng V\u01b0\u01a1ng \u2013 P Ng\u00f4 Quy\u1ec1n Tp. B\u1eafc Giang \u2013 T\u1ec9nh B\u1eafc Giang, Vi\u1ec7t Nam.<\/li>\n<\/ul>\n<p><strong>MENARD VI\u1ec6T TR\u00cc<\/strong><\/p>\n<ul>\n<li>Hotline: 0379 01 01 01<\/li>\n<li>\u0110i\u1ec7n tho\u1ea1i:\u00a00948.286.368<\/li>\n<li>\u0110\u1ecba ch\u1ec9: C\u0103n h\u1ed9 LD-13 khu \u0111\u00f4 th\u1ecb v\u00e0 th\u01b0\u01a1ng m\u1ea1i Vi\u1ec7t Tr\u00ec, Ph\u01b0\u1eddng Minh N\u00f4ng, TP Vi\u1ec7t Tr\u00ec.<\/li>\n<\/ul>\n<p><strong>MENARD TH\u00c1I NGUY\u00caN<\/strong><\/p>\n<ul>\n<li>Hotline: 0379 01 01 01<\/li>\n<li>\u0110i\u1ec7n tho\u1ea1i:\u00a00975.955.106<\/li>\n<li>\u0110\u1ecba ch\u1ec9: 167 Ho\u00e0ng V\u0103n Th\u1ee5, t\u1ed5 12, Ph\u01b0\u1eddng Phan \u0110\u00ecnh Ph\u00f9ng, TP Th\u00e1i Nguy\u00ean.<\/li>\n<\/ul>\n","protected":false},"excerpt":{"rendered":"<p>KHU V\u1ef0C H\u00c0 N\u1ed8I: MENARD SHOP \u2013 SPA B\u1edc H\u1ed2 Hotline: 0379010101 \u0110i\u1ec7n tho\u1ea1i: 024 3938 1633 \/ 024 3938 1632 \u0110\u1ecba ch\u1ec9: 34 L\u00ea Th\u00e1i T\u1ed5 \u2013 B\u1edd H\u1ed3 \u2013 Q. Ho\u00e0n Ki\u1ebfm \u2013 H\u00e0 N\u1ed9i MENARD SHOP \u2013 SPA L\u00dd TH\u01af\u1edcNG KI\u1ec6T Hotline: 0379010101 \u0110i\u1ec7n tho\u1ea1i: 02439387701 \u0110\u1ecba ch\u1ec9: T\u1ea7ng 1 \u2013 T\u00f2a [&#8230;]\n","protected":false},"author":1,"featured_media":0,"parent":0,"menu_order":0,"comment_status":"closed","ping_status":"closed","template":"","meta":{"footnotes":""},"class_list":["post-832","page","type-page","status-publish","hentry"],"yoast_head":"<!-- This site is optimized with the Yoast SEO Premium plugin v18.9 (Yoast SEO v19.3) - https:\/\/yoast.com\/wordpress\/plugins\/seo\/ -->\n<title>H\u1ec6 TH\u1ed0NG C\u1eecA H\u00c0NG - Menard Vi\u1ec7t Nam<\/title>\n<meta name=\"robots\" content=\"index, follow, max-snippet:-1, max-image-preview:large, max-video-preview:-1\" \/>\n<link rel=\"canonical\" href=\"https:\/\/demo8.thanhdientech.com\/menard\/he-thong-cua-hang.html\" \/>\n<meta property=\"og:locale\" content=\"vi_VN\" \/>\n<meta property=\"og:type\" content=\"article\" \/>\n<meta property=\"og:title\" content=\"H\u1ec6 TH\u1ed0NG C\u1eecA H\u00c0NG\" \/>\n<meta property=\"og:description\" content=\"KHU V\u1ef0C H\u00c0 N\u1ed8I: MENARD SHOP \u2013 SPA B\u1edc H\u1ed2 Hotline: 0379010101 \u0110i\u1ec7n tho\u1ea1i: 024 3938 1633 \/ 024 3938 1632 \u0110\u1ecba ch\u1ec9: 34 L\u00ea Th\u00e1i T\u1ed5 \u2013 B\u1edd H\u1ed3 \u2013 Q. Ho\u00e0n Ki\u1ebfm \u2013 H\u00e0 N\u1ed9i MENARD SHOP \u2013 SPA L\u00dd TH\u01af\u1edcNG KI\u1ec6T Hotline: 0379010101 \u0110i\u1ec7n tho\u1ea1i: 02439387701 \u0110\u1ecba ch\u1ec9: T\u1ea7ng 1 \u2013 T\u00f2a [...]\" \/>\n<meta property=\"og:url\" content=\"https:\/\/demo8.thanhdientech.com\/menard\/he-thong-cua-hang.html\" \/>\n<meta property=\"og:site_name\" content=\"Menard Vi\u1ec7t Nam\" \/>\n<meta name=\"twitter:card\" content=\"summary_large_image\" \/>\n<meta name=\"twitter:label1\" content=\"\u01af\u1edbc t\u00ednh th\u1eddi gian \u0111\u1ecdc\" \/>\n\t<meta name=\"twitter:data1\" content=\"4 ph\u00fat\" \/>\n<script type=\"application\/ld+json\" class=\"yoast-schema-graph\">{\"@context\":\"https:\/\/schema.org\",\"@graph\":[{\"@type\":\"WebSite\",\"@id\":\"https:\/\/demo8.thanhdientech.com\/menard\/#website\",\"url\":\"https:\/\/demo8.thanhdientech.com\/menard\/\",\"name\":\"Menard Vi\u1ec7t Nam\",\"description\":\"Th\u01b0\u01a1ng hi\u1ec7u m\u1ef9 ph\u1ea9m &amp; Spa cao c\u1ea5p \u0111\u1ebfn t\u1eeb Nh\u1eadt B\u1ea3n\",\"potentialAction\":[{\"@type\":\"SearchAction\",\"target\":{\"@type\":\"EntryPoint\",\"urlTemplate\":\"https:\/\/demo8.thanhdientech.com\/menard\/?s={search_term_string}\"},\"query-input\":\"required name=search_term_string\"}],\"inLanguage\":\"vi\"},{\"@type\":\"WebPage\",\"@id\":\"https:\/\/demo8.thanhdientech.com\/menard\/he-thong-cua-hang.html\",\"url\":\"https:\/\/demo8.thanhdientech.com\/menard\/he-thong-cua-hang.html\",\"name\":\"H\u1ec6 TH\u1ed0NG C\u1eecA H\u00c0NG - Menard Vi\u1ec7t Nam\",\"isPartOf\":{\"@id\":\"https:\/\/demo8.thanhdientech.com\/menard\/#website\"},\"datePublished\":\"2023-03-21T14:50:41+00:00\",\"dateModified\":\"2023-03-21T14:50:41+00:00\",\"breadcrumb\":{\"@id\":\"https:\/\/demo8.thanhdientech.com\/menard\/he-thong-cua-hang.html#breadcrumb\"},\"inLanguage\":\"vi\",\"potentialAction\":[{\"@type\":\"ReadAction\",\"target\":[\"https:\/\/demo8.thanhdientech.com\/menard\/he-thong-cua-hang.html\"]}]},{\"@type\":\"BreadcrumbList\",\"@id\":\"https:\/\/demo8.thanhdientech.com\/menard\/he-thong-cua-hang.html#breadcrumb\",\"itemListElement\":[{\"@type\":\"ListItem\",\"position\":1,\"name\":\"Home\",\"item\":\"https:\/\/demo8.thanhdientech.com\/menard\/\"},{\"@type\":\"ListItem\",\"position\":2,\"name\":\"H\u1ec6 TH\u1ed0NG C\u1eecA H\u00c0NG\"}]}]}<\/script>\n<!-- \/ Yoast SEO Premium plugin. -->","yoast_head_json":{"title":"H\u1ec6 TH\u1ed0NG C\u1eecA H\u00c0NG - Menard Vi\u1ec7t Nam","robots":{"index":"index","follow":"follow","max-snippet":"max-snippet:-1","max-image-preview":"max-image-preview:large","max-video-preview":"max-video-preview:-1"},"canonical":"https:\/\/demo8.thanhdientech.com\/menard\/he-thong-cua-hang.html","og_locale":"vi_VN","og_type":"article","og_title":"H\u1ec6 TH\u1ed0NG C\u1eecA H\u00c0NG","og_description":"KHU V\u1ef0C H\u00c0 N\u1ed8I: MENARD SHOP \u2013 SPA B\u1edc H\u1ed2 Hotline: 0379010101 \u0110i\u1ec7n tho\u1ea1i: 024 3938 1633 \/ 024 3938 1632 \u0110\u1ecba ch\u1ec9: 34 L\u00ea Th\u00e1i T\u1ed5 \u2013 B\u1edd H\u1ed3 \u2013 Q. Ho\u00e0n Ki\u1ebfm \u2013 H\u00e0 N\u1ed9i MENARD SHOP \u2013 SPA L\u00dd TH\u01af\u1edcNG KI\u1ec6T Hotline: 0379010101 \u0110i\u1ec7n tho\u1ea1i: 02439387701 \u0110\u1ecba ch\u1ec9: T\u1ea7ng 1 \u2013 T\u00f2a [...]","og_url":"https:\/\/demo8.thanhdientech.com\/menard\/he-thong-cua-hang.html","og_site_name":"Menard Vi\u1ec7t Nam","twitter_card":"summary_large_image","twitter_misc":{"\u01af\u1edbc t\u00ednh th\u1eddi gian \u0111\u1ecdc":"4 ph\u00fat"},"schema":{"@context":"https:\/\/schema.org","@graph":[{"@type":"WebSite","@id":"https:\/\/demo8.thanhdientech.com\/menard\/#website","url":"https:\/\/demo8.thanhdientech.com\/menard\/","name":"Menard Vi\u1ec7t Nam","description":"Th\u01b0\u01a1ng hi\u1ec7u m\u1ef9 ph\u1ea9m &amp; Spa cao c\u1ea5p \u0111\u1ebfn t\u1eeb Nh\u1eadt B\u1ea3n","potentialAction":[{"@type":"SearchAction","target":{"@type":"EntryPoint","urlTemplate":"https:\/\/demo8.thanhdientech.com\/menard\/?s={search_term_string}"},"query-input":"required name=search_term_string"}],"inLanguage":"vi"},{"@type":"WebPage","@id":"https:\/\/demo8.thanhdientech.com\/menard\/he-thong-cua-hang.html","url":"https:\/\/demo8.thanhdientech.com\/menard\/he-thong-cua-hang.html","name":"H\u1ec6 TH\u1ed0NG C\u1eecA H\u00c0NG - Menard Vi\u1ec7t Nam","isPartOf":{"@id":"https:\/\/demo8.thanhdientech.com\/menard\/#website"},"datePublished":"2023-03-21T14:50:41+00:00","dateModified":"2023-03-21T14:50:41+00:00","breadcrumb":{"@id":"https:\/\/demo8.thanhdientech.com\/menard\/he-thong-cua-hang.html#breadcrumb"},"inLanguage":"vi","potentialAction":[{"@type":"ReadAction","target":["https:\/\/demo8.thanhdientech.com\/menard\/he-thong-cua-hang.html"]}]},{"@type":"BreadcrumbList","@id":"https:\/\/demo8.thanhdientech.com\/menard\/he-thong-cua-hang.html#breadcrumb","itemListElement":[{"@type":"ListItem","position":1,"name":"Home","item":"https:\/\/demo8.thanhdientech.com\/menard\/"},{"@type":"ListItem","position":2,"name":"H\u1ec6 TH\u1ed0NG C\u1eecA H\u00c0NG"}]}]}},"_links":{"self":[{"href":"https:\/\/demo8.thanhdientech.com\/menard\/wp-json\/wp\/v2\/pages\/832","targetHints":{"allow":["GET"]}}],"collection":[{"href":"https:\/\/demo8.thanhdientech.com\/menard\/wp-json\/wp\/v2\/pages"}],"about":[{"href":"https:\/\/demo8.thanhdientech.com\/menard\/wp-json\/wp\/v2\/types\/page"}],"author":[{"embeddable":true,"href":"https:\/\/demo8.thanhdientech.com\/menard\/wp-json\/wp\/v2\/users\/1"}],"replies":[{"embeddable":true,"href":"https:\/\/demo8.thanhdientech.com\/menard\/wp-json\/wp\/v2\/comments?post=832"}],"version-history":[{"count":1,"href":"https:\/\/demo8.thanhdientech.com\/menard\/wp-json\/wp\/v2\/pages\/832\/revisions"}],"predecessor-version":[{"id":833,"href":"https:\/\/demo8.thanhdientech.com\/menard\/wp-json\/wp\/v2\/pages\/832\/revisions\/833"}],"wp:attachment":[{"href":"https:\/\/demo8.thanhdientech.com\/menard\/wp-json\/wp\/v2\/media?parent=832"}],"curies":[{"name":"wp","href":"https:\/\/api.w.org\/{rel}","templated":true}]}}