{"id":822,"date":"2023-03-21T21:46:58","date_gmt":"2023-03-21T14:46:58","guid":{"rendered":"https:\/\/demo8.thanhdientech.com\/menard\/?page_id=822"},"modified":"2023-03-21T21:46:58","modified_gmt":"2023-03-21T14:46:58","slug":"chinh-sach-bao-mat-thanh-toan","status":"publish","type":"page","link":"https:\/\/demo8.thanhdientech.com\/menard\/chinh-sach-bao-mat-thanh-toan.html","title":{"rendered":"CH\u00cdNH S\u00c1CH B\u1ea2O M\u1eacT THANH TO\u00c1N"},"content":{"rendered":"<h1>CH\u00cdNH S\u00c1CH B\u1ea2O M\u1eacT THANH TO\u00c1N<\/h1>\n<h2>1. Cam k\u1ebft b\u1ea3o m\u1eadt<\/h2>\n<p>H\u1ec7 th\u1ed1ng thanh to\u00e1n th\u1ebb \u0111\u01b0\u1ee3c cung c\u1ea5p b\u1edfi c\u00e1c \u0111\u1ed1i t\u00e1c c\u1ed5ng thanh to\u00e1n (\u201c\u0110\u1ed1i T\u00e1c C\u1ed5ng Thanh To\u00e1n\u201d) \u0111\u00e3 \u0111\u01b0\u1ee3c c\u1ea5p ph\u00e9p ho\u1ea1t \u0111\u1ed9ng h\u1ee3p ph\u00e1p t\u1ea1i Vi\u1ec7t Nam. Theo \u0111\u00f3, c\u00e1c ti\u00eau chu\u1ea9n b\u1ea3o m\u1eadt thanh to\u00e1n th\u1ebb t\u1ea1i Shop.menard.vn \u0111\u1ea3m b\u1ea3o tu\u00e2n th\u1ee7 theo c\u00e1c ti\u00eau chu\u1ea9n b\u1ea3o m\u1eadt ng\u00e0nh.<\/p>\n<h2>2. Quy \u0111\u1ecbnh b\u1ea3o m\u1eadt<\/h2>\n<h3>Ch\u00ednh s\u00e1ch giao d\u1ecbch thanh to\u00e1n b\u1eb1ng th\u1ebb qu\u1ed1c t\u1ebf v\u00e0 th\u1ebb n\u1ed9i \u0111\u1ecba (internet banking) \u0111\u1ea3m b\u1ea3o tu\u00e2n th\u1ee7 c\u00e1c ti\u00eau chu\u1ea9n b\u1ea3o m\u1eadt c\u1ee7a c\u00e1c \u0110\u1ed1i T\u00e1c C\u1ed5ng Thanh To\u00e1n g\u1ed3m:<\/h3>\n<p>\u2022 Th\u00f4ng tin t\u00e0i ch\u00ednh c\u1ee7a Kh\u00e1ch h\u00e0ng s\u1ebd \u0111\u01b0\u1ee3c b\u1ea3o v\u1ec7 trong su\u1ed1t qu\u00e1 tr\u00ecnh giao d\u1ecbch b\u1eb1ng giao th\u1ee9c SSL (Secure Sockets Layer).<\/p>\n<p>\u2022 Ch\u1ee9ng nh\u1eadn ti\u00eau chu\u1ea9n b\u1ea3o m\u1eadt d\u1eef li\u1ec7u th\u00f4ng tin thanh to\u00e1n (PCI DSS) do Trustwave cung c\u1ea5p.<\/p>\n<p>\u2022 M\u1eadt kh\u1ea9u s\u1eed d\u1ee5ng m\u1ed9t l\u1ea7n (OTP) \u0111\u01b0\u1ee3c g\u1eedi qua SMS \u0111\u1ec3 \u0111\u1ea3m b\u1ea3o vi\u1ec7c truy c\u1eadp t\u00e0i kho\u1ea3n \u0111\u01b0\u1ee3c x\u00e1c th\u1ef1c.<\/p>\n<p>\u2022 Ti\u00eau chu\u1ea9n m\u00e3 h\u00f3a MD5 128 bit.<\/p>\n<p>\u2022 C\u00e1c nguy\u00ean t\u1eafc v\u00e0 quy \u0111\u1ecbnh b\u1ea3o m\u1eadt th\u00f4ng tin trong ng\u00e0nh t\u00e0i ch\u00ednh ng\u00e2n h\u00e0ng theo quy \u0111\u1ecbnh c\u1ee7a Ng\u00e2n h\u00e0ng Nh\u00e0 n\u01b0\u1edbc Vi\u1ec7t Nam.<\/p>\n<h3>Ch\u00ednh s\u00e1ch b\u1ea3o m\u1eadt giao d\u1ecbch trong thanh to\u00e1n c\u1ee7a shop.menard.vn \u00e1p d\u1ee5ng v\u1edbi Kh\u00e1ch h\u00e0ng:<\/h3>\n<p>\u2022 Menard cung c\u1ea5p ti\u1ec7n \u00edch l\u01b0u gi\u1eef token \u2013 ch\u1ec9 l\u01b0u chu\u1ed7i \u0111\u00e3 \u0111\u01b0\u1ee3c m\u00e3 h\u00f3a b\u1edfi \u0110\u1ed1i T\u00e1c C\u1ed5ng Thanh To\u00e1n cung c\u1ea5p cho Menard. Menard kh\u00f4ng tr\u1ef1c ti\u1ebfp l\u01b0u tr\u1eef th\u00f4ng tin th\u1ebb kh\u00e1ch h\u00e0ng. Vi\u1ec7c b\u1ea3o m\u1eadt th\u00f4ng tin th\u1ebb thanh to\u00e1n Kh\u00e1ch h\u00e0ng \u0111\u01b0\u1ee3c th\u1ef1c hi\u1ec7n b\u1edfi \u0110\u1ed1i T\u00e1c C\u1ed5ng Thanh To\u00e1n \u0111\u00e3 \u0111\u01b0\u1ee3c c\u1ea5p ph\u00e9p.<\/p>\n<p>\u2022 \u0110\u1ed1i v\u1edbi th\u1ebb qu\u1ed1c t\u1ebf: th\u00f4ng tin th\u1ebb thanh to\u00e1n c\u1ee7a Kh\u00e1ch h\u00e0ng m\u00e0 c\u00f3 kh\u1ea3 n\u0103ng s\u1eed d\u1ee5ng \u0111\u1ec3 x\u00e1c l\u1eadp giao d\u1ecbch kh\u00f4ng \u0111\u01b0\u1ee3c l\u01b0u tr\u00ean h\u1ec7 th\u1ed1ng c\u1ee7a shop.menard.vn. \u0110\u1ed1i T\u00e1c C\u1ed5ng Thanh To\u00e1n s\u1ebd l\u01b0u tr\u1eef v\u00e0 b\u1ea3o m\u1eadt.<\/p>\n<p>\u2022 \u0110\u1ed1i v\u1edbi th\u1ebb n\u1ed9i \u0111\u1ecba (internet banking), Menard ch\u1ec9 l\u01b0u tr\u1eef m\u00e3 \u0111\u01a1n h\u00e0ng, m\u00e3 giao d\u1ecbch v\u00e0 t\u00ean ng\u00e2n h\u00e0ng. Menard cam k\u1ebft \u0111\u1ea3m b\u1ea3o th\u1ef1c hi\u1ec7n nghi\u00eam t\u00fac c\u00e1c bi\u1ec7n ph\u00e1p b\u1ea3o m\u1eadt c\u1ea7n thi\u1ebft cho m\u1ecdi ho\u1ea1t \u0111\u1ed9ng thanh to\u00e1n th\u1ef1c hi\u1ec7n tr\u00ean website<strong>\u00a0shop.menard.vn<\/strong><\/p>\n","protected":false},"excerpt":{"rendered":"<p>CH\u00cdNH S\u00c1CH B\u1ea2O M\u1eacT THANH TO\u00c1N 1. Cam k\u1ebft b\u1ea3o m\u1eadt H\u1ec7 th\u1ed1ng thanh to\u00e1n th\u1ebb \u0111\u01b0\u1ee3c cung c\u1ea5p b\u1edfi c\u00e1c \u0111\u1ed1i t\u00e1c c\u1ed5ng thanh to\u00e1n (\u201c\u0110\u1ed1i T\u00e1c C\u1ed5ng Thanh To\u00e1n\u201d) \u0111\u00e3 \u0111\u01b0\u1ee3c c\u1ea5p ph\u00e9p ho\u1ea1t \u0111\u1ed9ng h\u1ee3p ph\u00e1p t\u1ea1i Vi\u1ec7t Nam. Theo \u0111\u00f3, c\u00e1c ti\u00eau chu\u1ea9n b\u1ea3o m\u1eadt thanh to\u00e1n th\u1ebb t\u1ea1i Shop.menard.vn \u0111\u1ea3m [&#8230;]\n","protected":false},"author":1,"featured_media":0,"parent":0,"menu_order":0,"comment_status":"closed","ping_status":"closed","template":"","meta":{"footnotes":""},"class_list":["post-822","page","type-page","status-publish","hentry"],"yoast_head":"<!-- This site is optimized with the Yoast SEO Premium plugin v18.9 (Yoast SEO v19.3) - https:\/\/yoast.com\/wordpress\/plugins\/seo\/ -->\n<title>CH\u00cdNH S\u00c1CH B\u1ea2O M\u1eacT THANH TO\u00c1N - Menard Vi\u1ec7t Nam<\/title>\n<meta name=\"robots\" content=\"index, follow, max-snippet:-1, max-image-preview:large, max-video-preview:-1\" \/>\n<link rel=\"canonical\" href=\"https:\/\/demo8.thanhdientech.com\/menard\/chinh-sach-bao-mat-thanh-toan.html\" \/>\n<meta property=\"og:locale\" content=\"vi_VN\" \/>\n<meta property=\"og:type\" content=\"article\" \/>\n<meta property=\"og:title\" content=\"CH\u00cdNH S\u00c1CH B\u1ea2O M\u1eacT THANH TO\u00c1N\" \/>\n<meta property=\"og:description\" content=\"CH\u00cdNH S\u00c1CH B\u1ea2O M\u1eacT THANH TO\u00c1N 1. Cam k\u1ebft b\u1ea3o m\u1eadt H\u1ec7 th\u1ed1ng thanh to\u00e1n th\u1ebb \u0111\u01b0\u1ee3c cung c\u1ea5p b\u1edfi c\u00e1c \u0111\u1ed1i t\u00e1c c\u1ed5ng thanh to\u00e1n (\u201c\u0110\u1ed1i T\u00e1c C\u1ed5ng Thanh To\u00e1n\u201d) \u0111\u00e3 \u0111\u01b0\u1ee3c c\u1ea5p ph\u00e9p ho\u1ea1t \u0111\u1ed9ng h\u1ee3p ph\u00e1p t\u1ea1i Vi\u1ec7t Nam. Theo \u0111\u00f3, c\u00e1c ti\u00eau chu\u1ea9n b\u1ea3o m\u1eadt thanh to\u00e1n th\u1ebb t\u1ea1i Shop.menard.vn \u0111\u1ea3m [...]\" \/>\n<meta property=\"og:url\" content=\"https:\/\/demo8.thanhdientech.com\/menard\/chinh-sach-bao-mat-thanh-toan.html\" \/>\n<meta property=\"og:site_name\" content=\"Menard Vi\u1ec7t Nam\" \/>\n<meta name=\"twitter:card\" content=\"summary_large_image\" \/>\n<meta name=\"twitter:label1\" content=\"\u01af\u1edbc t\u00ednh th\u1eddi gian \u0111\u1ecdc\" \/>\n\t<meta name=\"twitter:data1\" content=\"3 ph\u00fat\" \/>\n<script type=\"application\/ld+json\" class=\"yoast-schema-graph\">{\"@context\":\"https:\/\/schema.org\",\"@graph\":[{\"@type\":\"WebSite\",\"@id\":\"https:\/\/demo8.thanhdientech.com\/menard\/#website\",\"url\":\"https:\/\/demo8.thanhdientech.com\/menard\/\",\"name\":\"Menard Vi\u1ec7t Nam\",\"description\":\"Th\u01b0\u01a1ng hi\u1ec7u m\u1ef9 ph\u1ea9m &amp; Spa cao c\u1ea5p \u0111\u1ebfn t\u1eeb Nh\u1eadt B\u1ea3n\",\"potentialAction\":[{\"@type\":\"SearchAction\",\"target\":{\"@type\":\"EntryPoint\",\"urlTemplate\":\"https:\/\/demo8.thanhdientech.com\/menard\/?s={search_term_string}\"},\"query-input\":\"required name=search_term_string\"}],\"inLanguage\":\"vi\"},{\"@type\":\"WebPage\",\"@id\":\"https:\/\/demo8.thanhdientech.com\/menard\/chinh-sach-bao-mat-thanh-toan.html\",\"url\":\"https:\/\/demo8.thanhdientech.com\/menard\/chinh-sach-bao-mat-thanh-toan.html\",\"name\":\"CH\u00cdNH S\u00c1CH B\u1ea2O M\u1eacT THANH TO\u00c1N - Menard Vi\u1ec7t Nam\",\"isPartOf\":{\"@id\":\"https:\/\/demo8.thanhdientech.com\/menard\/#website\"},\"datePublished\":\"2023-03-21T14:46:58+00:00\",\"dateModified\":\"2023-03-21T14:46:58+00:00\",\"breadcrumb\":{\"@id\":\"https:\/\/demo8.thanhdientech.com\/menard\/chinh-sach-bao-mat-thanh-toan.html#breadcrumb\"},\"inLanguage\":\"vi\",\"potentialAction\":[{\"@type\":\"ReadAction\",\"target\":[\"https:\/\/demo8.thanhdientech.com\/menard\/chinh-sach-bao-mat-thanh-toan.html\"]}]},{\"@type\":\"BreadcrumbList\",\"@id\":\"https:\/\/demo8.thanhdientech.com\/menard\/chinh-sach-bao-mat-thanh-toan.html#breadcrumb\",\"itemListElement\":[{\"@type\":\"ListItem\",\"position\":1,\"name\":\"Home\",\"item\":\"https:\/\/demo8.thanhdientech.com\/menard\/\"},{\"@type\":\"ListItem\",\"position\":2,\"name\":\"CH\u00cdNH S\u00c1CH B\u1ea2O M\u1eacT THANH TO\u00c1N\"}]}]}<\/script>\n<!-- \/ Yoast SEO Premium plugin. -->","yoast_head_json":{"title":"CH\u00cdNH S\u00c1CH B\u1ea2O M\u1eacT THANH TO\u00c1N - Menard Vi\u1ec7t Nam","robots":{"index":"index","follow":"follow","max-snippet":"max-snippet:-1","max-image-preview":"max-image-preview:large","max-video-preview":"max-video-preview:-1"},"canonical":"https:\/\/demo8.thanhdientech.com\/menard\/chinh-sach-bao-mat-thanh-toan.html","og_locale":"vi_VN","og_type":"article","og_title":"CH\u00cdNH S\u00c1CH B\u1ea2O M\u1eacT THANH TO\u00c1N","og_description":"CH\u00cdNH S\u00c1CH B\u1ea2O M\u1eacT THANH TO\u00c1N 1. Cam k\u1ebft b\u1ea3o m\u1eadt H\u1ec7 th\u1ed1ng thanh to\u00e1n th\u1ebb \u0111\u01b0\u1ee3c cung c\u1ea5p b\u1edfi c\u00e1c \u0111\u1ed1i t\u00e1c c\u1ed5ng thanh to\u00e1n (\u201c\u0110\u1ed1i T\u00e1c C\u1ed5ng Thanh To\u00e1n\u201d) \u0111\u00e3 \u0111\u01b0\u1ee3c c\u1ea5p ph\u00e9p ho\u1ea1t \u0111\u1ed9ng h\u1ee3p ph\u00e1p t\u1ea1i Vi\u1ec7t Nam. Theo \u0111\u00f3, c\u00e1c ti\u00eau chu\u1ea9n b\u1ea3o m\u1eadt thanh to\u00e1n th\u1ebb t\u1ea1i Shop.menard.vn \u0111\u1ea3m [...]","og_url":"https:\/\/demo8.thanhdientech.com\/menard\/chinh-sach-bao-mat-thanh-toan.html","og_site_name":"Menard Vi\u1ec7t Nam","twitter_card":"summary_large_image","twitter_misc":{"\u01af\u1edbc t\u00ednh th\u1eddi gian \u0111\u1ecdc":"3 ph\u00fat"},"schema":{"@context":"https:\/\/schema.org","@graph":[{"@type":"WebSite","@id":"https:\/\/demo8.thanhdientech.com\/menard\/#website","url":"https:\/\/demo8.thanhdientech.com\/menard\/","name":"Menard Vi\u1ec7t Nam","description":"Th\u01b0\u01a1ng hi\u1ec7u m\u1ef9 ph\u1ea9m &amp; Spa cao c\u1ea5p \u0111\u1ebfn t\u1eeb Nh\u1eadt B\u1ea3n","potentialAction":[{"@type":"SearchAction","target":{"@type":"EntryPoint","urlTemplate":"https:\/\/demo8.thanhdientech.com\/menard\/?s={search_term_string}"},"query-input":"required name=search_term_string"}],"inLanguage":"vi"},{"@type":"WebPage","@id":"https:\/\/demo8.thanhdientech.com\/menard\/chinh-sach-bao-mat-thanh-toan.html","url":"https:\/\/demo8.thanhdientech.com\/menard\/chinh-sach-bao-mat-thanh-toan.html","name":"CH\u00cdNH S\u00c1CH B\u1ea2O M\u1eacT THANH TO\u00c1N - Menard Vi\u1ec7t Nam","isPartOf":{"@id":"https:\/\/demo8.thanhdientech.com\/menard\/#website"},"datePublished":"2023-03-21T14:46:58+00:00","dateModified":"2023-03-21T14:46:58+00:00","breadcrumb":{"@id":"https:\/\/demo8.thanhdientech.com\/menard\/chinh-sach-bao-mat-thanh-toan.html#breadcrumb"},"inLanguage":"vi","potentialAction":[{"@type":"ReadAction","target":["https:\/\/demo8.thanhdientech.com\/menard\/chinh-sach-bao-mat-thanh-toan.html"]}]},{"@type":"BreadcrumbList","@id":"https:\/\/demo8.thanhdientech.com\/menard\/chinh-sach-bao-mat-thanh-toan.html#breadcrumb","itemListElement":[{"@type":"ListItem","position":1,"name":"Home","item":"https:\/\/demo8.thanhdientech.com\/menard\/"},{"@type":"ListItem","position":2,"name":"CH\u00cdNH S\u00c1CH B\u1ea2O M\u1eacT THANH TO\u00c1N"}]}]}},"_links":{"self":[{"href":"https:\/\/demo8.thanhdientech.com\/menard\/wp-json\/wp\/v2\/pages\/822","targetHints":{"allow":["GET"]}}],"collection":[{"href":"https:\/\/demo8.thanhdientech.com\/menard\/wp-json\/wp\/v2\/pages"}],"about":[{"href":"https:\/\/demo8.thanhdientech.com\/menard\/wp-json\/wp\/v2\/types\/page"}],"author":[{"embeddable":true,"href":"https:\/\/demo8.thanhdientech.com\/menard\/wp-json\/wp\/v2\/users\/1"}],"replies":[{"embeddable":true,"href":"https:\/\/demo8.thanhdientech.com\/menard\/wp-json\/wp\/v2\/comments?post=822"}],"version-history":[{"count":1,"href":"https:\/\/demo8.thanhdientech.com\/menard\/wp-json\/wp\/v2\/pages\/822\/revisions"}],"predecessor-version":[{"id":823,"href":"https:\/\/demo8.thanhdientech.com\/menard\/wp-json\/wp\/v2\/pages\/822\/revisions\/823"}],"wp:attachment":[{"href":"https:\/\/demo8.thanhdientech.com\/menard\/wp-json\/wp\/v2\/media?parent=822"}],"curies":[{"name":"wp","href":"https:\/\/api.w.org\/{rel}","templated":true}]}}