{"id":818,"date":"2023-03-21T21:32:21","date_gmt":"2023-03-21T14:32:21","guid":{"rendered":"https:\/\/demo8.thanhdientech.com\/menard\/?page_id=818"},"modified":"2023-03-21T21:32:21","modified_gmt":"2023-03-21T14:32:21","slug":"thuong-hieu","status":"publish","type":"page","link":"https:\/\/demo8.thanhdientech.com\/menard\/thuong-hieu.html","title":{"rendered":"TH\u01af\u01a0NG HI\u1ec6U"},"content":{"rendered":"<div class=\"entry-title no-padding\">\n<h1 class=\"title-post\">TH\u01af\u01a0NG HI\u1ec6U<\/h1>\n<\/div>\n<div class=\"content-post entry-content\">\n<p class=\"p-first-class\"><b>TRI\u1ebeT L\u00dd<\/b><\/p>\n<p>Menard tin r\u1eb1ng v\u1ebb \u0111\u1eb9p \u0111\u00edch th\u1ef1c c\u1ee7a ng\u01b0\u1eddi ph\u1ee5 n\u1eef kh\u00f4ng ri\u00eang \u1edf l\u00e0n da, m\u00e1i t\u00f3c hay s\u1eafc v\u00f3c m\u00e0 to\u00e1t ra t\u1eeb th\u1ea7n th\u00e1i, c\u1ed1t c\u00e1ch \u0111\u01b0\u1ee3c kh\u1edfi ngu\u1ed3n b\u1edfi th\u1ebf gi\u1edbi tinh th\u1ea7n tao nh\u00e3. \u0110\u00f3 l\u00e0 l\u00fd do Menard Shop &amp; Facial Salon kh\u00f4ng ch\u1ec9 \u0111\u01a1n thu\u1ea7n ch\u0103m s\u00f3c da b\u1eb1ng nh\u1eefng li\u1ec7u tr\u00ecnh \u0111\u1eb7c tr\u1ecb chuy\u00ean s\u00e2u m\u00e0 c\u00f2n m\u1edf ra ph\u01b0\u01a1ng th\u1ee9c l\u00e0m \u0111\u1eb9p kh\u1edfi ph\u00e1t t\u1eeb tri\u1ebft l\u00fd Zen, c\u00f3 kh\u1ea3 n\u0103ng k\u1ebft n\u1ed1i, xoa d\u1ecbu c\u01a1 th\u1ec3 v\u00e0 t\u00e2m h\u1ed3n. Khi th\u00e2n \u2013 t\u00e2m tr\u1edf v\u1ec1 tr\u1ea1ng th\u00e1i c\u00e2n b\u1eb1ng l\u00fd t\u01b0\u1edfng, ng\u01b0\u1eddi ph\u1ee5 n\u1eef s\u1ebd th\u1eadt s\u1ef1 t\u1ef1 tin v\u00e0 t\u1ecfa s\u00e1ng. \u0110\u00e2y ch\u00ednh l\u00e0 ph\u01b0\u01a1ng ch\u00e2m \u201cV\u01b0\u01a1n t\u1edbi v\u1ebb \u0111\u1eb9p \u0111\u00edch th\u1ef1c\u201d, Menard mong mu\u1ed1n m\u1ecdi ph\u1ee5 n\u1eef kh\u00e1m ph\u00e1, tr\u00e2n tr\u1ecdng v\u1ebb \u0111\u1eb9p c\u1ee7a ch\u00ednh m\u00ecnh.<\/p>\n<p>\u0110\u1ec3 l\u00e0m \u0111\u01b0\u1ee3c vi\u1ec7c c\u00e1 nh\u00e2n h\u00f3a v\u1ebb \u0111\u1eb9p ri\u00eang c\u00f3 c\u1ee7a m\u1ed7i ng\u01b0\u1eddi ph\u1ee5 n\u1eef tr\u00ean to\u00e0n Th\u1ebf gi\u1edbi, Menard \u0111\u00e3 v\u01b0\u1ee3t qua nh\u1eefng th\u00e1ch th\u1ee9c l\u1edbn v\u1ec1 nghi\u00ean c\u1ee9u da; ph\u00e2n t\u00edch c\u01a1 ch\u1ebf ho\u1ea1t \u0111\u1ed9ng c\u1ee7a Gen v\u00e0 t\u1ebf b\u00e0o g\u1ed1c; lu\u00f4n t\u00ecm t\u00f2i v\u00e0 s\u00e1ng t\u1ea1o ra nh\u1eefng th\u00e0nh ph\u1ea7n c\u00f4ng th\u1ee9c m\u1edbi, \u1ee9ng d\u1ee5ng c\u00f4ng ngh\u1ec7 sinh h\u1ecdc cao\u2026 \u0111\u1ec3 t\u0103ng c\u01b0\u1eddng h\u01a1n n\u1eefa hi\u1ec7u qu\u1ea3 c\u1ee7a t\u1eebng s\u1ea3n ph\u1ea9m.<\/p>\n<p>M\u1ed7i nh\u00e2n vi\u00ean c\u1ee7a Menard \u0111\u1ec1u ph\u1ee5c v\u1ee5 kh\u00e1ch h\u00e0ng v\u1edbi 3 ph\u01b0\u01a1ng ch\u00e2m:\u00a0<b>Love \u2013 s\u1ef1 t\u1eadn t\u00e2m v\u1edbi kh\u00e1ch h\u00e0ng, Appreciation \u2013 N\u00e2ng niu v\u00e0 tr\u00e2n tr\u1ecdng, Pride \u2013 t\u1ef1 h\u00e0o v\u1ec1 s\u1ea3n ph\u1ea9m v\u00e0 l\u1ecbch s\u1eed th\u01b0\u01a1ng hi\u1ec7u.\u00a0<\/b>Ngo\u00e0i ra, trung th\u1ef1c v\u00e0 ch\u00e2n th\u00e0nh l\u00e0 2 y\u1ebfu t\u1ed1 m\u1ed7i nh\u00e2n vi\u00ean Menard \u0111\u1ec1u t\u00e2m ni\u1ec7m.<\/p>\n<p><b>S\u1ee8 M\u1ec6NH<\/b><\/p>\n<p>V\u1edbi ph\u01b0\u01a1ng ch\u00e2m \u201cV\u01b0\u01a1n t\u1edbi v\u1ebb \u0111\u1eb9p \u0111\u00edch th\u1ef1c\u201d, Menard mong mu\u1ed1n m\u1ecdi ph\u1ee5 n\u1eef kh\u00e1m ph\u00e1, tr\u00e2n tr\u1ecdng v\u1ebb \u0111\u1eb9p c\u1ee7a ch\u00ednh m\u00ecnh, g\u00f3p ph\u1ea7n mang l\u1ea1i cu\u1ed9c s\u1ed1ng \u00fd ngh\u0129a cho m\u1ed9t n\u1eeda th\u1ebf gi\u1edbi th\u00f4ng qua c\u00e1c s\u1ea3n ph\u1ea9m v\u00e0 d\u1ecbch v\u1ee5 cao c\u1ea5p c\u1ee7a th\u01b0\u01a1ng hi\u1ec7u.<\/p>\n<p><b>C\u00e1c d\u00f2ng s\u1ea3n ph\u1ea9m cao c\u1ea5p:\u00a0<\/b>T\u1ef1 h\u00e0o l\u00e0 s\u1ea3n ph\u1ea9m y\u00eau th\u00edch c\u1ee7a h\u00e0ng tri\u1ec7u ph\u1ee5 n\u1eef tr\u00ean kh\u1eafp Th\u1ebf gi\u1edbi (s\u1ea3n ph\u1ea9m d\u01b0\u1ee1ng da, trang \u0111i\u1ec3m, n\u01b0\u1edbc hoa, vi\u00ean u\u1ed1ng linh chi, Collagen n\u1ed9i sinh) mang l\u1ea1i l\u1ed1i s\u1ed1ng phong c\u00e1ch trang nh\u00e3, v\u1ebb \u0111\u1eb9p thu\u1ea7n khi\u1ebft \u0111\u1ebfn t\u1eeb b\u00ean trong c\u01a1 th\u1ec3.<\/p>\n<p><b>H\u1ec7 th\u1ed1ng spa cao c\u1ea5p:\u00a0<\/b>Ch\u0103m s\u00f3c da chuy\u00ean s\u00e2u, mang \u0111\u1ebfn s\u1ef1 th\u01b0 gi\u00e3n, t\u1eadn h\u01b0\u1edfng tuy\u1ec7t \u0111\u1ed1i gi\u1eefa nh\u1ecbp s\u1ed1ng hi\u1ec7n \u0111\u1ea1i.<\/p>\n<p>B\u00ean c\u1ea1nh mong mu\u1ed1n \u0111em l\u1ea1i c\u00e1c s\u1ea3n ph\u1ea9m v\u00e0 d\u1ecbch v\u1ee5 tuy\u1ec7t v\u1eddi nh\u1ea5t, Menard c\u00f2n lu\u00f4n ki\u00ean \u0111\u1ecbnh v\u1edbi s\u1ee9 m\u1ec7nh mang \u0111\u1ebfn v\u1ebb \u0111\u1eb9p to\u00e0n di\u1ec7n t\u1eeb l\u00e0n da \u0111\u1ebfn t\u00e2m h\u1ed3n, m\u1edf ra m\u1ed9t l\u1ed1i s\u1ed1ng thanh tao, th\u1ea5m \u0111\u1eabm v\u0103n h\u00f3a v\u1edbi c\u00e1c t\u00e1c ph\u1ea9m ngh\u1ec7 thu\u1eadt n\u1ed5i ti\u1ebfng Th\u1ebf gi\u1edbi t\u1ea1i b\u1ea3o t\u00e0ng danh gi\u00e1 \u2013 Menard Art Museum hay qu\u1ea7n th\u1ec3 sinh th\u00e1i t\u1ea1i Resort cao c\u1ea5p h\u00e0ng \u0111\u1ea7u th\u1ebf gi\u1edbi mang t\u00ean Aoyama Resort.<\/p>\n<p><b>L\u1ecaCH S\u1eec TH\u01af\u01a0NG HI\u1ec6U<\/b><\/p>\n<p>Th\u00e0nh l\u1eadp t\u1eeb n\u0103m 1959 t\u1ea1i th\u00e0nh ph\u1ed1 bi\u1ec3n xinh \u0111\u1eb9p Nagoya c\u1ee7a Nh\u1eadt B\u1ea3n, Menard \u0111\u00e3 ph\u00e1t tri\u1ec3n tri\u1ec3n m\u1ea1nh m\u1ebd, kh\u00f4ng ch\u1ec9 mang \u0111\u1ebfn nh\u1eefng d\u00f2ng s\u1ea3n ph\u1ea9m t\u1ed1t nh\u1ea5t \u2013 \u0111a d\u1ea1ng nh\u1ea5t, Menard c\u00f2n l\u00e0 nh\u00e0 t\u01b0 v\u1ea5n v\u1ec1 ch\u0103m s\u00f3c s\u1eafc \u0111\u1eb9p, g\u00f3p ph\u1ea7n ki\u1ebfn t\u1ea1o phong c\u00e1ch s\u1ed1ng cho h\u00e0ng tri\u1ec7u ph\u1ee5 n\u1eef tr\u00ean to\u00e0n Th\u1ebf gi\u1edbi.<\/p>\n<p>(V\u1ebd s\u01a1 \u0111\u1ed3 c\u00e1c c\u1ed9t m\u1ed1c ph\u00e1t tri\u1ec3n)<\/p>\n<p><b>1959<\/b><\/p>\n<p>Th\u00e0nh l\u1eadp t\u1ea1i Nagoya v\u1edbi t\u00ean g\u1ecdi C\u00f4ng ty TNHH M\u1ef9 Ph\u1ea9m Nippon Menard.<\/p>\n<p><b>1960<\/b><\/p>\n<p>L\u1ea7n l\u01b0\u1ee3t nh\u1eefng s\u1ea3n ph\u1ea9m Menard \u0111\u1ea7u ti\u00ean ra \u0111\u1eddi t\u1ea1o ti\u1ebfng vang v\u1edbi nh\u00e3n hi\u1ec7u nh\u01b0 Honey Lemon v\u00e0 Golden Pack.<\/p>\n<p><b>1968<\/b><\/p>\n<p>X\u00e2y d\u1ef1ng nh\u00e0 m\u00e1y t\u1ea1i INAZAWA.<\/p>\n<p><b>1971<\/b><\/p>\n<p>Chuy\u1ec3n tr\u1ee5 s\u1edf m\u1edbi t\u1ea1i NAGOYA. Th\u00e0nh l\u1eadp trung t\u00e2m nghi\u00ean c\u1ee9u CHUO.<\/p>\n<p><b>1976<\/b><\/p>\n<p>Khai tr\u01b0\u01a1ng MENARD AOYAMA RESORT.<\/p>\n<p><b>1981<\/b><\/p>\n<p>X\u00e2y d\u1ef1ng trung t\u00e2m nghi\u00ean c\u1ee9u h\u00f3a sinh.<\/p>\n<p><b>1982<\/b><\/p>\n<p>Ra m\u1eaft d\u00f2ng s\u1ea3n ph\u1ea9m JUPIER.<\/p>\n<p><b>1983<\/b><\/p>\n<p>Ra m\u1eaft REISHI.<\/p>\n<p><b>1984<\/b><\/p>\n<p>Ra m\u1eaft d\u00f2ng s\u1ea3n ph\u1ea9m ILLUNEIGE \u2013 SARANARI.<\/p>\n<p><b>1985<\/b><\/p>\n<p>Ra m\u1eaft s\u1ea3n ph\u1ea9m REFINING HERB MASK.<\/p>\n<p><b>1986<\/b><\/p>\n<p>Ra n\u1eaft d\u00f2ng s\u1ea3n ph\u1ea9m EMBELLIR v\u00e0 FAIRLUCENT kh\u1eb3ng \u0111\u1ecbnh \u0111\u1eb3ng c\u1ea5p v\u00e0 uy t\u00edn c\u1ee7a Menard.<\/p>\n<p><b>1987<\/b><\/p>\n<p>B\u1ea3o t\u00e0ng ngh\u1ec7 thu\u1eadt Menard t\u1ea1i Komaki \u0111i v\u00e0o ho\u1ea1t \u0111\u1ed9ng l\u01b0u gi\u1eef h\u00e0ng ng\u00e0n t\u00e1c ph\u1ea9m ngh\u1ec7 thu\u1eadt n\u1ed5i ti\u1ebfng.<\/p>\n<p><b>1988 \u2013 2002<\/b><\/p>\n<p>Ra m\u1eaft nh\u1eefng d\u00f2ng s\u1ea3n ph\u1ea9m m\u1edbi: COLAX, BEAUNESS, LISCIARE, JUPIER ONE \u2013 TOUCH LIPSTICK, TSUKIKA.<\/p>\n<p><b>2004<\/b><\/p>\n<p>Ch\u00ednh th\u1ee9c ph\u00e2n ph\u1ed1i t\u1ea1i Vi\u1ec7t Nam.<\/p>\n<p><b>2009<\/b><\/p>\n<p>Ra m\u1eaft s\u1ea3n ph\u1ea9m AUTHENT gi\u00fap h\u1ed3i sinh v\u1ebb \u0111\u1eb9p t\u1eeb t\u1ebf b\u00e0o g\u1ed1c. Gi\u1ea3i th\u01b0\u1edfng Pentawards (2009) cho s\u1ea3n ph\u1ea9m c\u00f3 thi\u1ebft k\u1ebf \u0111\u1eb9p.<\/p>\n<p><b>2015<\/b><\/p>\n<p>Ra m\u1eaft d\u00f2ng s\u1ea3n ph\u1ea9m EMBELLIR th\u1ebf h\u1ec7 m\u1edbi v\u1edbi s\u1ef1 k\u1ebft h\u1ee3p tinh ch\u1ea5t linh chi \u0111\u1ecf v\u00e0 linh chi \u0111en.<\/p>\n<p><b>2016<\/b><\/p>\n<p>Ra m\u1eaft AUTHENT II v\u1edbi s\u1ee9c m\u1ea1nh \u0111\u1ed9t ph\u00e1 gi\u00fap m\u1edf r\u1ed9ng v\u00f9ng sinh tr\u01b0\u1edfng c\u1ee7a t\u1ebf b\u00e0o g\u1ed1c.<\/p>\n<p><b>2019<\/b><\/p>\n<p>Menard k\u1ef7 ni\u1ec7m 60 n\u0103m th\u00e0nh l\u1eadp, \u0111\u1ed3ng h\u00e0nh c\u00f9ng kh\u00e1ch h\u00e0ng tr\u00ean h\u00e0nh tr\u00ecnh \u201cV\u01b0\u01a1n \u0111\u1ebfn v\u1ebb \u0111\u1eb9p \u0111\u00edch th\u1ef1c\u201d.<\/p>\n<\/div>\n","protected":false},"excerpt":{"rendered":"<p>TH\u01af\u01a0NG HI\u1ec6U TRI\u1ebeT L\u00dd Menard tin r\u1eb1ng v\u1ebb \u0111\u1eb9p \u0111\u00edch th\u1ef1c c\u1ee7a ng\u01b0\u1eddi ph\u1ee5 n\u1eef kh\u00f4ng ri\u00eang \u1edf l\u00e0n da, m\u00e1i t\u00f3c hay s\u1eafc v\u00f3c m\u00e0 to\u00e1t ra t\u1eeb th\u1ea7n th\u00e1i, c\u1ed1t c\u00e1ch \u0111\u01b0\u1ee3c kh\u1edfi ngu\u1ed3n b\u1edfi th\u1ebf gi\u1edbi tinh th\u1ea7n tao nh\u00e3. \u0110\u00f3 l\u00e0 l\u00fd do Menard Shop &amp; Facial Salon kh\u00f4ng ch\u1ec9 \u0111\u01a1n [&#8230;]\n","protected":false},"author":1,"featured_media":0,"parent":0,"menu_order":0,"comment_status":"closed","ping_status":"closed","template":"","meta":{"footnotes":""},"class_list":["post-818","page","type-page","status-publish","hentry"],"yoast_head":"<!-- This site is optimized with the Yoast SEO Premium plugin v18.9 (Yoast SEO v19.3) - https:\/\/yoast.com\/wordpress\/plugins\/seo\/ -->\n<title>TH\u01af\u01a0NG HI\u1ec6U - Menard Vi\u1ec7t Nam<\/title>\n<meta name=\"robots\" content=\"index, follow, max-snippet:-1, max-image-preview:large, max-video-preview:-1\" \/>\n<link rel=\"canonical\" href=\"https:\/\/demo8.thanhdientech.com\/menard\/thuong-hieu.html\" \/>\n<meta property=\"og:locale\" content=\"vi_VN\" \/>\n<meta property=\"og:type\" content=\"article\" \/>\n<meta property=\"og:title\" content=\"TH\u01af\u01a0NG HI\u1ec6U\" \/>\n<meta property=\"og:description\" content=\"TH\u01af\u01a0NG HI\u1ec6U TRI\u1ebeT L\u00dd Menard tin r\u1eb1ng v\u1ebb \u0111\u1eb9p \u0111\u00edch th\u1ef1c c\u1ee7a ng\u01b0\u1eddi ph\u1ee5 n\u1eef kh\u00f4ng ri\u00eang \u1edf l\u00e0n da, m\u00e1i t\u00f3c hay s\u1eafc v\u00f3c m\u00e0 to\u00e1t ra t\u1eeb th\u1ea7n th\u00e1i, c\u1ed1t c\u00e1ch \u0111\u01b0\u1ee3c kh\u1edfi ngu\u1ed3n b\u1edfi th\u1ebf gi\u1edbi tinh th\u1ea7n tao nh\u00e3. \u0110\u00f3 l\u00e0 l\u00fd do Menard Shop &amp; Facial Salon kh\u00f4ng ch\u1ec9 \u0111\u01a1n [...]\" \/>\n<meta property=\"og:url\" content=\"https:\/\/demo8.thanhdientech.com\/menard\/thuong-hieu.html\" \/>\n<meta property=\"og:site_name\" content=\"Menard Vi\u1ec7t Nam\" \/>\n<meta name=\"twitter:card\" content=\"summary_large_image\" \/>\n<meta name=\"twitter:label1\" content=\"\u01af\u1edbc t\u00ednh th\u1eddi gian \u0111\u1ecdc\" \/>\n\t<meta name=\"twitter:data1\" content=\"6 ph\u00fat\" \/>\n<script type=\"application\/ld+json\" class=\"yoast-schema-graph\">{\"@context\":\"https:\/\/schema.org\",\"@graph\":[{\"@type\":\"WebSite\",\"@id\":\"https:\/\/demo8.thanhdientech.com\/menard\/#website\",\"url\":\"https:\/\/demo8.thanhdientech.com\/menard\/\",\"name\":\"Menard Vi\u1ec7t Nam\",\"description\":\"Th\u01b0\u01a1ng hi\u1ec7u m\u1ef9 ph\u1ea9m &amp; Spa cao c\u1ea5p \u0111\u1ebfn t\u1eeb Nh\u1eadt B\u1ea3n\",\"potentialAction\":[{\"@type\":\"SearchAction\",\"target\":{\"@type\":\"EntryPoint\",\"urlTemplate\":\"https:\/\/demo8.thanhdientech.com\/menard\/?s={search_term_string}\"},\"query-input\":\"required name=search_term_string\"}],\"inLanguage\":\"vi\"},{\"@type\":\"WebPage\",\"@id\":\"https:\/\/demo8.thanhdientech.com\/menard\/thuong-hieu.html\",\"url\":\"https:\/\/demo8.thanhdientech.com\/menard\/thuong-hieu.html\",\"name\":\"TH\u01af\u01a0NG HI\u1ec6U - Menard Vi\u1ec7t Nam\",\"isPartOf\":{\"@id\":\"https:\/\/demo8.thanhdientech.com\/menard\/#website\"},\"datePublished\":\"2023-03-21T14:32:21+00:00\",\"dateModified\":\"2023-03-21T14:32:21+00:00\",\"breadcrumb\":{\"@id\":\"https:\/\/demo8.thanhdientech.com\/menard\/thuong-hieu.html#breadcrumb\"},\"inLanguage\":\"vi\",\"potentialAction\":[{\"@type\":\"ReadAction\",\"target\":[\"https:\/\/demo8.thanhdientech.com\/menard\/thuong-hieu.html\"]}]},{\"@type\":\"BreadcrumbList\",\"@id\":\"https:\/\/demo8.thanhdientech.com\/menard\/thuong-hieu.html#breadcrumb\",\"itemListElement\":[{\"@type\":\"ListItem\",\"position\":1,\"name\":\"Home\",\"item\":\"https:\/\/demo8.thanhdientech.com\/menard\/\"},{\"@type\":\"ListItem\",\"position\":2,\"name\":\"TH\u01af\u01a0NG HI\u1ec6U\"}]}]}<\/script>\n<!-- \/ Yoast SEO Premium plugin. -->","yoast_head_json":{"title":"TH\u01af\u01a0NG HI\u1ec6U - Menard Vi\u1ec7t Nam","robots":{"index":"index","follow":"follow","max-snippet":"max-snippet:-1","max-image-preview":"max-image-preview:large","max-video-preview":"max-video-preview:-1"},"canonical":"https:\/\/demo8.thanhdientech.com\/menard\/thuong-hieu.html","og_locale":"vi_VN","og_type":"article","og_title":"TH\u01af\u01a0NG HI\u1ec6U","og_description":"TH\u01af\u01a0NG HI\u1ec6U TRI\u1ebeT L\u00dd Menard tin r\u1eb1ng v\u1ebb \u0111\u1eb9p \u0111\u00edch th\u1ef1c c\u1ee7a ng\u01b0\u1eddi ph\u1ee5 n\u1eef kh\u00f4ng ri\u00eang \u1edf l\u00e0n da, m\u00e1i t\u00f3c hay s\u1eafc v\u00f3c m\u00e0 to\u00e1t ra t\u1eeb th\u1ea7n th\u00e1i, c\u1ed1t c\u00e1ch \u0111\u01b0\u1ee3c kh\u1edfi ngu\u1ed3n b\u1edfi th\u1ebf gi\u1edbi tinh th\u1ea7n tao nh\u00e3. \u0110\u00f3 l\u00e0 l\u00fd do Menard Shop &amp; Facial Salon kh\u00f4ng ch\u1ec9 \u0111\u01a1n [...]","og_url":"https:\/\/demo8.thanhdientech.com\/menard\/thuong-hieu.html","og_site_name":"Menard Vi\u1ec7t Nam","twitter_card":"summary_large_image","twitter_misc":{"\u01af\u1edbc t\u00ednh th\u1eddi gian \u0111\u1ecdc":"6 ph\u00fat"},"schema":{"@context":"https:\/\/schema.org","@graph":[{"@type":"WebSite","@id":"https:\/\/demo8.thanhdientech.com\/menard\/#website","url":"https:\/\/demo8.thanhdientech.com\/menard\/","name":"Menard Vi\u1ec7t Nam","description":"Th\u01b0\u01a1ng hi\u1ec7u m\u1ef9 ph\u1ea9m &amp; Spa cao c\u1ea5p \u0111\u1ebfn t\u1eeb Nh\u1eadt B\u1ea3n","potentialAction":[{"@type":"SearchAction","target":{"@type":"EntryPoint","urlTemplate":"https:\/\/demo8.thanhdientech.com\/menard\/?s={search_term_string}"},"query-input":"required name=search_term_string"}],"inLanguage":"vi"},{"@type":"WebPage","@id":"https:\/\/demo8.thanhdientech.com\/menard\/thuong-hieu.html","url":"https:\/\/demo8.thanhdientech.com\/menard\/thuong-hieu.html","name":"TH\u01af\u01a0NG HI\u1ec6U - Menard Vi\u1ec7t Nam","isPartOf":{"@id":"https:\/\/demo8.thanhdientech.com\/menard\/#website"},"datePublished":"2023-03-21T14:32:21+00:00","dateModified":"2023-03-21T14:32:21+00:00","breadcrumb":{"@id":"https:\/\/demo8.thanhdientech.com\/menard\/thuong-hieu.html#breadcrumb"},"inLanguage":"vi","potentialAction":[{"@type":"ReadAction","target":["https:\/\/demo8.thanhdientech.com\/menard\/thuong-hieu.html"]}]},{"@type":"BreadcrumbList","@id":"https:\/\/demo8.thanhdientech.com\/menard\/thuong-hieu.html#breadcrumb","itemListElement":[{"@type":"ListItem","position":1,"name":"Home","item":"https:\/\/demo8.thanhdientech.com\/menard\/"},{"@type":"ListItem","position":2,"name":"TH\u01af\u01a0NG HI\u1ec6U"}]}]}},"_links":{"self":[{"href":"https:\/\/demo8.thanhdientech.com\/menard\/wp-json\/wp\/v2\/pages\/818","targetHints":{"allow":["GET"]}}],"collection":[{"href":"https:\/\/demo8.thanhdientech.com\/menard\/wp-json\/wp\/v2\/pages"}],"about":[{"href":"https:\/\/demo8.thanhdientech.com\/menard\/wp-json\/wp\/v2\/types\/page"}],"author":[{"embeddable":true,"href":"https:\/\/demo8.thanhdientech.com\/menard\/wp-json\/wp\/v2\/users\/1"}],"replies":[{"embeddable":true,"href":"https:\/\/demo8.thanhdientech.com\/menard\/wp-json\/wp\/v2\/comments?post=818"}],"version-history":[{"count":1,"href":"https:\/\/demo8.thanhdientech.com\/menard\/wp-json\/wp\/v2\/pages\/818\/revisions"}],"predecessor-version":[{"id":819,"href":"https:\/\/demo8.thanhdientech.com\/menard\/wp-json\/wp\/v2\/pages\/818\/revisions\/819"}],"wp:attachment":[{"href":"https:\/\/demo8.thanhdientech.com\/menard\/wp-json\/wp\/v2\/media?parent=818"}],"curies":[{"name":"wp","href":"https:\/\/api.w.org\/{rel}","templated":true}]}}