{"id":811,"date":"2023-03-21T21:28:58","date_gmt":"2023-03-21T14:28:58","guid":{"rendered":"https:\/\/demo8.thanhdientech.com\/menard\/?page_id=811"},"modified":"2023-03-21T21:28:58","modified_gmt":"2023-03-21T14:28:58","slug":"huong-dan-mua-tra-gop","status":"publish","type":"page","link":"https:\/\/demo8.thanhdientech.com\/menard\/huong-dan-mua-tra-gop.html","title":{"rendered":"H\u01af\u1edaNG D\u1eaaN MUA TR\u1ea2 G\u00d3P"},"content":{"rendered":"<div class=\"entry-title\">\n<h2>H\u01af\u1edaNG D\u1eaaN MUA TR\u1ea2 G\u00d3P<\/h2>\n<\/div>\n<div class=\"entry\">\n<div class=\"content-post box-single\">\n<h1>H\u01af\u1edaNG D\u1eaaN THANH TO\u00c1N TR\u1ea2 G\u00d3P QUA TH\u1eba T\u00cdN D\u1ee4NG<\/h1>\n<p><strong>B\u01b0\u1edbc 1:<\/strong>\u00a0Ch\u1ecdn \u00f4 \u201cTr\u1ea3 g\u00f3p 0% qua th\u1ebb Visa, Master Card, JCB\u201d<\/p>\n<p><strong>B\u01b0\u1edbc 2<\/strong>: Ch\u1ecdn lo\u1ea1i th\u1ebb v\u00e0 g\u00f3i tr\u1ea3 g\u00f3p Ph\u00ed ch\u00eanh l\u1ec7ch tr\u1ea3 g\u00f3p s\u1ebd hi\u1ec3n th\u1ecb t\u1ea1i \u0111\u00e2y<\/p>\n<p><strong>B\u01b0\u1edbc 3:<\/strong>\u00a0Nh\u1eadp th\u00f4ng tin th\u1ebb Ch\u1ecdn \u201cThanh to\u00e1n\u201d \u0111\u1ec3 ho\u00e0n t\u1ea5t *Giao d\u1ecbch s\u1ebd \u0111\u01b0\u1ee3c t\u1ef1 \u0111\u1ed9ng chuy\u1ec3n tr\u1ea3 g\u00f3p \u0110i\u1ec1u ki\u1ec7n v\u00e0 \u0110i\u1ec1u kho\u1ea3n Ch\u01b0\u01a1ng tr\u00ecnh c\u00f3 hi\u1ec7u l\u1ef1c t\u1eeb ng\u00e0y 20\/10\/2020<\/p>\n<h2>1. N\u1ed9i dung chi ti\u1ebft ch\u01b0\u01a1ng tr\u00ecnh<\/h2>\n<p>Kh\u00e1ch h\u00e0ng c\u00f3 th\u1ec3 mua h\u00e0ng tr\u1ea3 g\u00f3p 0% l\u00e3i su\u1ea5t k\u1ef3 h\u1ea1n l\u00ean \u0111\u1ebfn 24 th\u00e1ng khi th\u1ef1c hi\u1ec7n giao d\u1ecbch b\u1eb1ng th\u1ebb t\u00edn d\u1ee5ng qu\u1ed1c t\u1ebf t\u1ea1i website\u00a0<strong>shop.menard.vn<\/strong><\/p>\n<h2>2. \u0110\u1ed1i t\u01b0\u1ee3ng \u00e1p d\u1ee5ng<\/h2>\n<p>\u00c1p d\u1ee5ng cho c\u00e1c kh\u00e1ch h\u00e0ng l\u00e0 ch\u1ee7 th\u1ebb t\u00edn d\u1ee5ng Visa, Mastercard, JCB, v\u00e0\/ho\u1eb7c c\u00e1c th\u1ebb \u0111\u01b0\u1ee3c ph\u00e1t h\u00e0nh b\u1edfi c\u00e1c ng\u00e2n h\u00e0ng \u0111\u01b0\u1ee3c c\u1ea5p ph\u00e9p ho\u1ea1t \u0111\u1ed9ng t\u1ea1i Vi\u1ec7t Nam v\u00e0 thu\u1ed9c danh s\u00e1ch c\u00e1c ng\u00e2n h\u00e0ng tham gia ch\u01b0\u01a1ng tr\u00ecnh tr\u1ea3 g\u00f3p \u0111\u01b0\u1ee3c Menard li\u00ean k\u1ebft t\u1ea1i t\u1eebng th\u1eddi \u0111i\u1ec3m.<\/p>\n<h2>3. \u0110i\u1ec1u ki\u1ec7n \u00e1p d\u1ee5ng<\/h2>\n<p>\u2013 \u00c1p d\u1ee5ng thanh to\u00e1n cho c\u00e1c s\u1ea3n ph\u1ea9m\/d\u1ecbch v\u1ee5 c\u00f3 gi\u00e1 tr\u1ecb sau khuy\u1ebfn m\u00e3i (n\u1ebfu c\u00f3) t\u1eeb 3.000.000\u0111 (ba tri\u1ec7u \u0111\u1ed3ng) tr\u1edf l\u00ean.<\/p>\n<p>\u2013 S\u1ea3n ph\u1ea9m\/d\u1ecbch v\u1ee5 th\u1ecfa \u0111i\u1ec1u ki\u1ec7n l\u00e0 s\u1ea3n ph\u1ea9m\/d\u1ecbch v\u1ee5 c\u00f3 ph\u01b0\u01a1ng th\u1ee9c thanh to\u00e1n \u201cTr\u1ea3 g\u00f3p qua th\u1ebb t\u00edn d\u1ee5ng\u201d t\u1ea1i trang gi\u1edbi thi\u1ec7u s\u1ea3n ph\u1ea9m\/d\u1ecbch v\u1ee5.<\/p>\n<p>\u2013 Kh\u00e1ch h\u00e0ng ch\u1ec9 \u0111\u01b0\u1ee3c ch\u1ecdn duy nh\u1ea5t 01 s\u1ea3n ph\u1ea9m\/ d\u1ecbch v\u1ee5 khi ti\u1ebfn h\u00e0nh thanh to\u00e1n.<\/p>\n<h2>4. \u0110i\u1ec1u kho\u1ea3n kh\u00e1c<\/h2>\n<p>\u2013 Kh\u00e1ch h\u00e0ng c\u1ea7n thanh to\u00e1n th\u00eam ph\u00ed ch\u00eanh l\u1ec7ch so v\u1edbi mua tr\u1ea3 th\u1eb3ng (hay c\u00f2n g\u1ecdi l\u00e0 ph\u00ed chuy\u1ec3n \u0111\u1ed5i tr\u1ea3 g\u00f3p) \u2013 \u0111\u01b0\u1ee3c hi\u1ec3n th\u1ecb \u0111\u1ed3ng th\u1eddi t\u1ea1i b\u01b0\u1edbc chuy\u1ec3n \u0111\u1ed5i Tr\u1ea3 G\u00f3p tr\u00ean Menard, s\u1ed1 ti\u1ec1n ph\u00ed ch\u00eanh l\u1ec7ch n\u00e0y \u0111\u01b0\u1ee3c ghi nh\u1eadn trong sao k\u00ea* thanh to\u00e1n h\u00e0ng th\u00e1ng c\u1ee7a kh\u00e1ch h\u00e0ng.<\/p>\n<p><strong>Ch\u01b0\u01a1ng Tr\u00ecnh \u00e1p d\u1ee5ng cho c\u00e1c s\u1ea3n ph\u1ea9m\/d\u1ecbch v\u1ee5 theo th\u00f4ng b\u00e1o c\u1ee7a Menard theo t\u1eebng th\u1eddi k\u1ef3.<\/strong><\/p>\n<p>\u2013 Kh\u00e1ch h\u00e0ng ph\u1ea3i ho\u00e0n t\u1ea5t vi\u1ec7c \u0111\u1eb7t mua h\u00e0ng th\u00e0nh c\u00f4ng th\u1ecfa \u0111i\u1ec1u ki\u1ec7n ch\u01b0\u01a1ng tr\u00ecnh tr\u01b0\u1edbc ng\u00e0y sao k\u00ea t\u1ed1i thi\u1ec3u 05 ng\u00e0y l\u00e0m vi\u1ec7c.<\/p>\n<p>\u2013 Kh\u00e1ch h\u00e0ng x\u00e1c nh\u1eadn r\u1eb1ng vi\u1ec7c \u0111\u1ed3ng \u00fd tham gia Ch\u01b0\u01a1ng Tr\u00ecnh Tr\u1ea3 G\u00f3p s\u1ebd ph\u1ee5 thu\u1ed9c v\u00e0o c\u00e1c \u0111i\u1ec1u kho\u1ea3n v\u00e0 \u0111i\u1ec1u ki\u1ec7n \u0111\u01b0\u1ee3c \u00e1p d\u1ee5ng b\u1edfi Ng\u00e2n H\u00e0ng ph\u00e1t h\u00e0nh th\u1ebb v\u00e0 Kh\u00e1ch h\u00e0ng s\u1ebd ph\u1ea3i tu\u00e2n th\u1ee7 c\u00e1c \u0111i\u1ec1u kho\u1ea3n v\u00e0 \u0111i\u1ec1u ki\u1ec7n \u0111\u00f3 khi tham gia Ch\u01b0\u01a1ng Tr\u00ecnh.<\/p>\n<p>\u2013 H\u1ed3 s\u01a1 \u0111\u0103ng tr\u1ea3 g\u00f3p s\u1ebd \u0111\u01b0\u1ee3c g\u1eedi \u0111\u1ebfn Ng\u00e2n H\u00e0ng ph\u00e1t h\u00e0nh th\u1ebb m\u00e0 kh\u00e1ch h\u00e0ng \u0111\u00e3 ch\u1ecdn \u0111\u1ec3 ti\u1ebfn h\u00e0nh chuy\u1ec3n \u0111\u1ed5i tr\u1ea3 g\u00f3p ph\u00f9 h\u1ee3p v\u1edbi \u0111i\u1ec1u ki\u1ec7n v\u00e0 \u0111i\u1ec1u kho\u1ea3n c\u1ee7a Ch\u01b0\u01a1ng tr\u00ecnh v\u00e0 quy \u0111\u1ecbnh tr\u1ea3 g\u00f3p c\u1ee7a Ng\u00e2n H\u00e0ng ph\u00e1t h\u00e0nh th\u1ebb.<\/p>\n<p>\u2013 Th\u1eddi gian chuy\u1ec3n \u0111\u1ed5i tr\u1ea3 g\u00f3p ph\u00f9 thu\u1ed9c v\u00e0o quy tr\u00ecnh x\u1eed l\u00fd c\u1ee7a ph\u00eda Ng\u00e2n h\u00e0ng ph\u00e1t h\u00e0nh th\u1ebb.<\/p>\n<p>\u2013 \u0110\u1ed1i v\u1edbi c\u00e1c tr\u01b0\u1eddng h\u1ee3p kh\u00e1ch h\u00e0ng ho\u1eb7c th\u1ebb t\u00edn d\u1ee5ng kh\u00f4ng \u0111\u1ee7 \u0111i\u1ec1u ki\u1ec7n th\u1ef1c hi\u1ec7n chuy\u1ec3n \u0111\u1ed5i tr\u1ea3 g\u00f3p s\u1ea3n ph\u1ea9m\/d\u1ecbch v\u1ee5 theo quy \u0111\u1ecbnh c\u1ee7a Ng\u00e2n H\u00e0ng Ph\u00e1t h\u00e0nh th\u1ebb, Menard c\u00f3 quy\u1ec1n t\u1eeb ch\u1ed1i \u00e1p d\u1ee5ng Ch\u01b0\u01a1ng Tr\u00ecnh Tr\u1ea3 G\u00f3p v\u00e0 kh\u00f4ng ch\u1ecbu tr\u00e1ch nhi\u1ec7m \u0111\u1ed1i v\u1edbi t\u1ea5t c\u1ea3 c\u00e1c kho\u1ea3n l\u00e3i qu\u00e1 ng\u00e0y \u0111\u1ebfn h\u1ea1n thanh to\u00e1n* v\u00e0\/ho\u1eb7c b\u1ea5t k\u1ef3 chi ph\u00ed ph\u00e1t sinh (n\u1ebfu c\u00f3) v\u1ec1 vi\u1ec7c chuy\u1ec3n \u0111\u1ed5i tr\u1ea3 g\u00f3p kh\u00f4ng th\u00e0nh c\u00f4ng.<\/p>\n<p>\u2013 Kh\u00e1ch h\u00e0ng c\u1ea7n \u0111\u1ecdc k\u1ef9 \u0111i\u1ec1u ki\u1ec7n v\u00e0 \u0111i\u1ec1u kho\u1ea3n c\u1ee7a ch\u01b0\u01a1ng tr\u00ecnh Tr\u1ea3 g\u00f3p. B\u1eb1ng vi\u1ec7c x\u00e1c nh\u1eadn thanh to\u00e1n, \u0111\u1ed3ng ngh\u0129a kh\u00e1ch h\u00e0ng \u0111\u00e3 hi\u1ec3u v\u00e0 \u0111\u1ed3ng \u00fd v\u1edbi c\u00e1c \u0111i\u1ec1u ki\u1ec7n v\u00e0 \u0111i\u1ec1u kho\u1ea3n c\u1ee7a ch\u01b0\u01a1ng tr\u00ecnh mua h\u00e0ng tr\u1ea3 g\u00f3p.<\/p>\n<p>\u2013 Sau khi thanh to\u00e1n th\u00e0nh c\u00f4ng, giao d\u1ecbch s\u1ebd T\u1ef0 \u0110\u1ed8NG CHUY\u1ec2N \u0110\u1ed4I th\u00e0nh giao d\u1ecbch tr\u1ea3 g\u00f3p. Kh\u00e1ch h\u00e0ng kh\u00f4ng c\u1ea7n li\u00ean h\u1ec7 Ng\u00e2n H\u00e0ng ph\u00e1t h\u00e0nh th\u1ebb \u0111\u1ec3 x\u00e1c nh\u1eadn chuy\u1ec3n \u0111\u1ed5i tr\u1ea3 g\u00f3p. Kh\u00e1ch h\u00e0ng s\u1ebd b\u1ecb t\u1eeb ch\u1ed1i tham gia ch\u01b0\u01a1ng tr\u00ecnh mua h\u00e0ng tr\u1ea3 g\u00f3p n\u1ebfu kh\u00f4ng l\u1ef1a ch\u1ecdn ph\u01b0\u01a1ng th\u1ee9c thanh to\u00e1n \u201cTr\u1ea3 g\u00f3p qua th\u1ebb t\u00edn d\u1ee5ng\u201d. \u2013 Kh\u00f4ng \u00e1p d\u1ee5ng h\u1ee7y v\u1edbi \u0111\u01a1n h\u00e0ng tr\u1ea3 g\u00f3p \u0111\u00e3 thanh to\u00e1n th\u00e0nh c\u00f4ng.<\/p>\n<p>\u2013 \u0110\u01a1n h\u00e0ng tr\u1ea3 g\u00f3p s\u1ebd kh\u00f4ng \u0111\u01b0\u1ee3c \u0111\u1ed5i tr\u1ea3 theo nhu c\u1ea7u. Ph\u00ed tr\u1ea3 g\u00f3p s\u1ebd kh\u00f4ng \u0111\u01b0\u1ee3c ho\u00e0n l\u1ea1i d\u01b0\u1edbi b\u1ea5t k\u1ef3 h\u00ecnh th\u1ee9c n\u00e0o sau khi kh\u00e1ch h\u00e0ng thanh to\u00e1n th\u00e0nh c\u00f4ng, tr\u1eeb c\u00e1c tr\u01b0\u1eddng h\u1ee3p ph\u00e1t sinh l\u1ed7i t\u1eeb ph\u00eda Menard. Ch\u01b0\u01a1ng tr\u00ecnh c\u00f3 th\u1ec3 kh\u00f4ng \u00e1p d\u1ee5ng c\u00f9ng l\u00fac v\u1edbi c\u00e1c ch\u01b0\u01a1ng tr\u00ecnh khuy\u1ebfn m\u00e3i kh\u00e1c.<\/p>\n<p>\u2013 Menard b\u1ea3o l\u01b0u quy\u1ec1n t\u1eeb ch\u1ed1i th\u1ef1c hi\u1ec7n \u0111\u01a1n h\u00e0ng kh\u00f4ng \u0111\u00e1p \u1ee9ng c\u00e1c \u0111i\u1ec1u ki\u1ec7n c\u1ee7a Ch\u01b0\u01a1ng Tr\u00ecnh. Trong tr\u01b0\u1eddng h\u1ee3p x\u1ea3y ra tranh ch\u1ea5p, quy\u1ebft \u0111\u1ecbnh c\u1ee7a Menard s\u1ebd l\u00e0 quy\u1ebft \u0111\u1ecbnh cu\u1ed1i c\u00f9ng. \u0110i\u1ec1u kho\u1ea3n v\u00e0 \u0111i\u1ec1u ki\u1ec7n c\u1ee7a ch\u01b0\u01a1ng tr\u00ecnh c\u00f3 th\u1ec3 \u0111\u01b0\u1ee3c \u0111i\u1ec1u ch\u1ec9nh, thay \u0111\u1ed5i b\u1ea5t k\u1ef3 l\u00fac n\u00e0o m\u00e0 kh\u00f4ng c\u1ea7n ph\u1ea3i th\u00f4ng b\u00e1o tr\u01b0\u1edbc.<\/p>\n<p>\u2013 Sau khi nh\u1eadn h\u00e0ng th\u00e0nh c\u00f4ng v\u00e0 sao k\u00ea th\u00e1ng ch\u01b0a ghi nh\u1eadn giao d\u1ecbch \u0111\u01b0\u1ee3c chuy\u00ean \u0111\u00f4i tr\u1ea3 g\u00f3p, qu\u00fd kh\u00e1ch vui l\u00f2ng li\u00ean h\u1ec7 Menard \u0111\u1ec3 \u0111\u01b0\u1ee3c h\u1ed7 tr\u1ee3 ki\u1ec3m tra. Tr\u01b0\u1eddng h\u1ee3p qu\u00fd kh\u00e1ch li\u00ean h\u1ec7 sau ng\u00e0y thanh to\u00e1n sao k\u00ea, ch\u00fang t\u00f4i r\u1ea5t ti\u1ebfc ch\u01b0a th\u1ec3 h\u1ed7 tr\u1ee3 th\u00eam.<\/p>\n<h2>5. Th\u00f4ng tin li\u00ean h\u1ec7 c\u1ee7a Menard<\/h2>\n<p>\u0110\u1ec3 bi\u1ebft th\u00eam chi ti\u1ebft, kh\u00e1ch h\u00e0ng vui l\u00f2ng li\u00ean h\u1ec7: Hotline menard:<a href=\"tel:0379010101\"><strong>\u00a00379 01 01 01<\/strong><\/a>\u00a0(8h30 \u0111\u1ebfn 21h m\u1ed7i ng\u00e0y) ho\u1eb7c g\u1eedi th\u00f4ng tin v\u1ec1 hotro@menard.vn<\/p>\n<\/div>\n<\/div>\n","protected":false},"excerpt":{"rendered":"<p>H\u01af\u1edaNG D\u1eaaN MUA TR\u1ea2 G\u00d3P H\u01af\u1edaNG D\u1eaaN THANH TO\u00c1N TR\u1ea2 G\u00d3P QUA TH\u1eba T\u00cdN D\u1ee4NG B\u01b0\u1edbc 1:\u00a0Ch\u1ecdn \u00f4 \u201cTr\u1ea3 g\u00f3p 0% qua th\u1ebb Visa, Master Card, JCB\u201d B\u01b0\u1edbc 2: Ch\u1ecdn lo\u1ea1i th\u1ebb v\u00e0 g\u00f3i tr\u1ea3 g\u00f3p Ph\u00ed ch\u00eanh l\u1ec7ch tr\u1ea3 g\u00f3p s\u1ebd hi\u1ec3n th\u1ecb t\u1ea1i \u0111\u00e2y B\u01b0\u1edbc 3:\u00a0Nh\u1eadp th\u00f4ng tin th\u1ebb Ch\u1ecdn \u201cThanh to\u00e1n\u201d \u0111\u1ec3 [&#8230;]\n","protected":false},"author":1,"featured_media":0,"parent":0,"menu_order":0,"comment_status":"closed","ping_status":"closed","template":"","meta":{"footnotes":""},"class_list":["post-811","page","type-page","status-publish","hentry"],"yoast_head":"<!-- This site is optimized with the Yoast SEO Premium plugin v18.9 (Yoast SEO v19.3) - https:\/\/yoast.com\/wordpress\/plugins\/seo\/ -->\n<title>H\u01af\u1edaNG D\u1eaaN MUA TR\u1ea2 G\u00d3P - Menard Vi\u1ec7t Nam<\/title>\n<meta name=\"robots\" content=\"index, follow, max-snippet:-1, max-image-preview:large, max-video-preview:-1\" \/>\n<link rel=\"canonical\" href=\"https:\/\/demo8.thanhdientech.com\/menard\/huong-dan-mua-tra-gop.html\" \/>\n<meta property=\"og:locale\" content=\"vi_VN\" \/>\n<meta property=\"og:type\" content=\"article\" \/>\n<meta property=\"og:title\" content=\"H\u01af\u1edaNG D\u1eaaN MUA TR\u1ea2 G\u00d3P\" \/>\n<meta property=\"og:description\" content=\"H\u01af\u1edaNG D\u1eaaN MUA TR\u1ea2 G\u00d3P H\u01af\u1edaNG D\u1eaaN THANH TO\u00c1N TR\u1ea2 G\u00d3P QUA TH\u1eba T\u00cdN D\u1ee4NG B\u01b0\u1edbc 1:\u00a0Ch\u1ecdn \u00f4 \u201cTr\u1ea3 g\u00f3p 0% qua th\u1ebb Visa, Master Card, JCB\u201d B\u01b0\u1edbc 2: Ch\u1ecdn lo\u1ea1i th\u1ebb v\u00e0 g\u00f3i tr\u1ea3 g\u00f3p Ph\u00ed ch\u00eanh l\u1ec7ch tr\u1ea3 g\u00f3p s\u1ebd hi\u1ec3n th\u1ecb t\u1ea1i \u0111\u00e2y B\u01b0\u1edbc 3:\u00a0Nh\u1eadp th\u00f4ng tin th\u1ebb Ch\u1ecdn \u201cThanh to\u00e1n\u201d \u0111\u1ec3 [...]\" \/>\n<meta property=\"og:url\" content=\"https:\/\/demo8.thanhdientech.com\/menard\/huong-dan-mua-tra-gop.html\" \/>\n<meta property=\"og:site_name\" content=\"Menard Vi\u1ec7t Nam\" \/>\n<meta name=\"twitter:card\" content=\"summary_large_image\" \/>\n<meta name=\"twitter:label1\" content=\"\u01af\u1edbc t\u00ednh th\u1eddi gian \u0111\u1ecdc\" \/>\n\t<meta name=\"twitter:data1\" content=\"7 ph\u00fat\" \/>\n<script type=\"application\/ld+json\" class=\"yoast-schema-graph\">{\"@context\":\"https:\/\/schema.org\",\"@graph\":[{\"@type\":\"WebSite\",\"@id\":\"https:\/\/demo8.thanhdientech.com\/menard\/#website\",\"url\":\"https:\/\/demo8.thanhdientech.com\/menard\/\",\"name\":\"Menard Vi\u1ec7t Nam\",\"description\":\"Th\u01b0\u01a1ng hi\u1ec7u m\u1ef9 ph\u1ea9m &amp; Spa cao c\u1ea5p \u0111\u1ebfn t\u1eeb Nh\u1eadt B\u1ea3n\",\"potentialAction\":[{\"@type\":\"SearchAction\",\"target\":{\"@type\":\"EntryPoint\",\"urlTemplate\":\"https:\/\/demo8.thanhdientech.com\/menard\/?s={search_term_string}\"},\"query-input\":\"required name=search_term_string\"}],\"inLanguage\":\"vi\"},{\"@type\":\"WebPage\",\"@id\":\"https:\/\/demo8.thanhdientech.com\/menard\/huong-dan-mua-tra-gop.html\",\"url\":\"https:\/\/demo8.thanhdientech.com\/menard\/huong-dan-mua-tra-gop.html\",\"name\":\"H\u01af\u1edaNG D\u1eaaN MUA TR\u1ea2 G\u00d3P - Menard Vi\u1ec7t Nam\",\"isPartOf\":{\"@id\":\"https:\/\/demo8.thanhdientech.com\/menard\/#website\"},\"datePublished\":\"2023-03-21T14:28:58+00:00\",\"dateModified\":\"2023-03-21T14:28:58+00:00\",\"breadcrumb\":{\"@id\":\"https:\/\/demo8.thanhdientech.com\/menard\/huong-dan-mua-tra-gop.html#breadcrumb\"},\"inLanguage\":\"vi\",\"potentialAction\":[{\"@type\":\"ReadAction\",\"target\":[\"https:\/\/demo8.thanhdientech.com\/menard\/huong-dan-mua-tra-gop.html\"]}]},{\"@type\":\"BreadcrumbList\",\"@id\":\"https:\/\/demo8.thanhdientech.com\/menard\/huong-dan-mua-tra-gop.html#breadcrumb\",\"itemListElement\":[{\"@type\":\"ListItem\",\"position\":1,\"name\":\"Home\",\"item\":\"https:\/\/demo8.thanhdientech.com\/menard\/\"},{\"@type\":\"ListItem\",\"position\":2,\"name\":\"H\u01af\u1edaNG D\u1eaaN MUA TR\u1ea2 G\u00d3P\"}]}]}<\/script>\n<!-- \/ Yoast SEO Premium plugin. -->","yoast_head_json":{"title":"H\u01af\u1edaNG D\u1eaaN MUA TR\u1ea2 G\u00d3P - Menard Vi\u1ec7t Nam","robots":{"index":"index","follow":"follow","max-snippet":"max-snippet:-1","max-image-preview":"max-image-preview:large","max-video-preview":"max-video-preview:-1"},"canonical":"https:\/\/demo8.thanhdientech.com\/menard\/huong-dan-mua-tra-gop.html","og_locale":"vi_VN","og_type":"article","og_title":"H\u01af\u1edaNG D\u1eaaN MUA TR\u1ea2 G\u00d3P","og_description":"H\u01af\u1edaNG D\u1eaaN MUA TR\u1ea2 G\u00d3P H\u01af\u1edaNG D\u1eaaN THANH TO\u00c1N TR\u1ea2 G\u00d3P QUA TH\u1eba T\u00cdN D\u1ee4NG B\u01b0\u1edbc 1:\u00a0Ch\u1ecdn \u00f4 \u201cTr\u1ea3 g\u00f3p 0% qua th\u1ebb Visa, Master Card, JCB\u201d B\u01b0\u1edbc 2: Ch\u1ecdn lo\u1ea1i th\u1ebb v\u00e0 g\u00f3i tr\u1ea3 g\u00f3p Ph\u00ed ch\u00eanh l\u1ec7ch tr\u1ea3 g\u00f3p s\u1ebd hi\u1ec3n th\u1ecb t\u1ea1i \u0111\u00e2y B\u01b0\u1edbc 3:\u00a0Nh\u1eadp th\u00f4ng tin th\u1ebb Ch\u1ecdn \u201cThanh to\u00e1n\u201d \u0111\u1ec3 [...]","og_url":"https:\/\/demo8.thanhdientech.com\/menard\/huong-dan-mua-tra-gop.html","og_site_name":"Menard Vi\u1ec7t Nam","twitter_card":"summary_large_image","twitter_misc":{"\u01af\u1edbc t\u00ednh th\u1eddi gian \u0111\u1ecdc":"7 ph\u00fat"},"schema":{"@context":"https:\/\/schema.org","@graph":[{"@type":"WebSite","@id":"https:\/\/demo8.thanhdientech.com\/menard\/#website","url":"https:\/\/demo8.thanhdientech.com\/menard\/","name":"Menard Vi\u1ec7t Nam","description":"Th\u01b0\u01a1ng hi\u1ec7u m\u1ef9 ph\u1ea9m &amp; Spa cao c\u1ea5p \u0111\u1ebfn t\u1eeb Nh\u1eadt B\u1ea3n","potentialAction":[{"@type":"SearchAction","target":{"@type":"EntryPoint","urlTemplate":"https:\/\/demo8.thanhdientech.com\/menard\/?s={search_term_string}"},"query-input":"required name=search_term_string"}],"inLanguage":"vi"},{"@type":"WebPage","@id":"https:\/\/demo8.thanhdientech.com\/menard\/huong-dan-mua-tra-gop.html","url":"https:\/\/demo8.thanhdientech.com\/menard\/huong-dan-mua-tra-gop.html","name":"H\u01af\u1edaNG D\u1eaaN MUA TR\u1ea2 G\u00d3P - Menard Vi\u1ec7t Nam","isPartOf":{"@id":"https:\/\/demo8.thanhdientech.com\/menard\/#website"},"datePublished":"2023-03-21T14:28:58+00:00","dateModified":"2023-03-21T14:28:58+00:00","breadcrumb":{"@id":"https:\/\/demo8.thanhdientech.com\/menard\/huong-dan-mua-tra-gop.html#breadcrumb"},"inLanguage":"vi","potentialAction":[{"@type":"ReadAction","target":["https:\/\/demo8.thanhdientech.com\/menard\/huong-dan-mua-tra-gop.html"]}]},{"@type":"BreadcrumbList","@id":"https:\/\/demo8.thanhdientech.com\/menard\/huong-dan-mua-tra-gop.html#breadcrumb","itemListElement":[{"@type":"ListItem","position":1,"name":"Home","item":"https:\/\/demo8.thanhdientech.com\/menard\/"},{"@type":"ListItem","position":2,"name":"H\u01af\u1edaNG D\u1eaaN MUA TR\u1ea2 G\u00d3P"}]}]}},"_links":{"self":[{"href":"https:\/\/demo8.thanhdientech.com\/menard\/wp-json\/wp\/v2\/pages\/811","targetHints":{"allow":["GET"]}}],"collection":[{"href":"https:\/\/demo8.thanhdientech.com\/menard\/wp-json\/wp\/v2\/pages"}],"about":[{"href":"https:\/\/demo8.thanhdientech.com\/menard\/wp-json\/wp\/v2\/types\/page"}],"author":[{"embeddable":true,"href":"https:\/\/demo8.thanhdientech.com\/menard\/wp-json\/wp\/v2\/users\/1"}],"replies":[{"embeddable":true,"href":"https:\/\/demo8.thanhdientech.com\/menard\/wp-json\/wp\/v2\/comments?post=811"}],"version-history":[{"count":1,"href":"https:\/\/demo8.thanhdientech.com\/menard\/wp-json\/wp\/v2\/pages\/811\/revisions"}],"predecessor-version":[{"id":812,"href":"https:\/\/demo8.thanhdientech.com\/menard\/wp-json\/wp\/v2\/pages\/811\/revisions\/812"}],"wp:attachment":[{"href":"https:\/\/demo8.thanhdientech.com\/menard\/wp-json\/wp\/v2\/media?parent=811"}],"curies":[{"name":"wp","href":"https:\/\/api.w.org\/{rel}","templated":true}]}}