{"id":808,"date":"2023-03-21T21:27:46","date_gmt":"2023-03-21T14:27:46","guid":{"rendered":"https:\/\/demo8.thanhdientech.com\/menard\/?page_id=808"},"modified":"2023-03-21T21:27:46","modified_gmt":"2023-03-21T14:27:46","slug":"chinh-sach-doi-tra","status":"publish","type":"page","link":"https:\/\/demo8.thanhdientech.com\/menard\/chinh-sach-doi-tra.html","title":{"rendered":"CH\u00cdNH S\u00c1CH \u0110\u1ed4I TR\u1ea2"},"content":{"rendered":"<div class=\"entry-title\">\n<h2>CH\u00cdNH S\u00c1CH \u0110\u1ed4I TR\u1ea2<\/h2>\n<\/div>\n<div class=\"entry\">\n<div class=\"content-post box-single\">\n<h3><strong>Xem h\u00e0ng \u2013 \u0110\u1ed3ng ki\u1ec3m v\u00e0 Ch\u00ednh s\u00e1ch \u0111\u1ed5i tr\u1ea3<\/strong><\/h3>\n<p><strong>1. Xem h\u00e0ng \u2013 \u0110\u1ed3ng ki\u1ec3m:<\/strong><\/p>\n<ul>\n<li>Nh\u1eb1m \u0111\u00e1p \u1ee9ng nhu c\u1ea7u v\u00e0 b\u1ea3o v\u1ec7 t\u1ed1i \u0111a quy\u1ec1n l\u1ee3i kh\u00e1ch h\u00e0ng khi \u0111\u0103ng k\u00fd t\u1ea1i shop.menard.vn, ch\u00fang t\u00f4i \u0111\u00e3 tri\u1ec3n khai ch\u00ednh s\u00e1ch h\u1ed7 tr\u1ee3 vi\u1ec7c xem v\u00e0 ki\u1ec3m tra h\u00e0ng h\u00f3a khi giao h\u00e0ng. Kh\u00e1ch h\u00e0ng khi nh\u1eadn h\u00e0ng t\u1eeb nh\u00e2n vi\u00ean v\u1eadn chuy\u1ec3n c\u00f3 th\u1ec3 m\u1edf ni\u00eam phong th\u00f9ng h\u00e0ng \u0111\u1ec3 ki\u1ec3m tra h\u00e0ng h\u00f3a.<\/li>\n<li>L\u01b0u \u00fd: vi\u1ec7c ki\u1ec3m tra s\u1ebd kh\u00f4ng bao g\u1ed3m m\u1edf seal (ni\u00eam phong) ri\u00eang c\u1ee7a s\u1ea3n ph\u1ea9m (g\u00e2y \u1ea3nh h\u01b0\u1edfng \u0111\u1ebfn tem d\u00e1n ni\u00eam phong, bao b\u00ec s\u1ea3n ph\u1ea9m, h\u1ea1n s\u1eed d\u1ee5ng\u2026 ) hay ki\u1ec3m tra s\u00e2u (s\u1eed d\u1ee5ng th\u1eed, \u2026 ).<\/li>\n<li>Trong tr\u01b0\u1eddng h\u1ee3p nh\u00e2n vi\u00ean v\u1eadn chuy\u1ec3n y\u00eau c\u1ea7u Qu\u00fd Kh\u00e1ch k\u00fd v\u00e0o bi\u00ean b\u1ea3n x\u00e1c nh\u1eadn kh\u00e1ch h\u00e0ng \u0111\u00e3 nh\u1eadn \u0111\u1ee7 v\u00e0 nguy\u00ean v\u1eb9n t\u1ea5t c\u1ea3 s\u1ea3n ph\u1ea9m, ch\u00fang t\u00f4i khuy\u1ebfn kh\u00edch Qu\u00fd Kh\u00e1ch s\u1eed d\u1ee5ng t\u1ed1i \u0111a quy\u1ec1n l\u1ee3i tr\u00ean tr\u01b0\u1edbc khi k\u00fd \u0111\u1ec3 \u0111\u01b0\u1ee3c h\u1ed7 tr\u1ee3 t\u1ed1t nh\u1ea5t trong m\u1ecdi t\u00ecnh hu\u1ed1ng n\u1ebfu ph\u00e1t sinh y\u00eau c\u1ea7u \u0111\u1ed5i tr\u1ea3.<\/li>\n<li>Trong tr\u01b0\u1eddng h\u1ee3p nh\u1eadn h\u00e0ng kh\u00f4ng \u0111\u1ee7 s\u1ea3n ph\u1ea9m li\u1ec7t k\u00ea tr\u00ean phi\u1ebfu giao nh\u1eadn, kh\u00e1ch h\u00e0ng y\u00eau c\u1ea7u nh\u00e2n vi\u00ean giao h\u00e0ng k\u00fd x\u00e1c nh\u1eadn kh\u00f4ng \u0111\u1ee7 h\u00e0ng, ch\u1ee5p \u1ea3nh l\u1ea1i b\u1ed9 s\u1ea3n ph\u1ea9m d\u01b0\u1edbi s\u1ef1 ch\u1ee9ng ki\u1ebfn c\u1ee7a nh\u00e2n vi\u00ean giao h\u00e0ng (n\u1ebfu \u0111\u01b0\u1ee3c) \u0111\u1ec3 d\u1ec5 \u0111\u1ed1i chi\u1ebfu\/ ki\u1ec3m tra v\u1ec1 sau.<\/li>\n<\/ul>\n<p><strong>2.\u00a0 Ch\u00ednh s\u00e1ch \u0111\u1ed5i tr\u1ea3:<\/strong><\/p>\n<p>Ch\u00fang t\u00f4i cam k\u1ebft ngu\u1ed3n s\u1ea3n ph\u1ea9m\/d\u1ecbch v\u1ee5 l\u00e0 nguy\u00ean m\u1edbi v\u00e0 \u0111\u1ea3m b\u1ea3o \u0111\u00fang ch\u1ea5t l\u01b0\u1ee3ng. \u0110\u1ed3ng th\u1eddi, s\u1ea3n ph\u1ea9m m\u00e0 kh\u00e1ch h\u00e0ng nh\u1eadn \u0111\u01b0\u1ee3c ph\u1ea3i nguy\u00ean v\u1eb9n v\u00e0 \u0111\u00fang v\u1edbi c\u00e1c th\u00f4ng tin m\u00f4 t\u1ea3 tr\u00ean website\u00a0shop.menard.vn<br \/>\nN\u1ebfu s\u1ea3n ph\u1ea9m qu\u00fd kh\u00e1ch nh\u1eadn \u0111\u01b0\u1ee3c kh\u00f4ng c\u00f2n nguy\u00ean v\u1eb9n ho\u1eb7c kh\u00f4ng nguy\u00ean m\u1edbi, qu\u00fd kh\u00e1ch vui l\u00f2ng th\u00f4ng b\u00e1o ngay cho ch\u00fang t\u00f4i trong v\u00f2ng 48 gi\u1edd k\u1ec3 t\u1eeb th\u1eddi \u0111i\u1ec3m nh\u1eadn h\u00e0ng. Ch\u00fang t\u00f4i xin t\u1eeb ch\u1ed1i h\u1ed7 tr\u1ee3 m\u1ecdi khi\u1ebfu n\u1ea1i v\u1ec1 t\u00ecnh tr\u1ea1ng ngo\u1ea1i quan c\u1ee7a s\u1ea3n ph\u1ea9m trong tr\u01b0\u1eddng h\u1ee3p qu\u00fd kh\u00e1ch th\u00f4ng b\u00e1o cho ch\u00fang t\u00f4i sau th\u1eddi gian n\u00e0y.<\/p>\n<ul>\n<li>\u0110\u1ed1i v\u1edbi s\u1ea3n ph\u1ea9m b\u1ecb l\u1ed7i, b\u1ecb h\u01b0 h\u1ecfng ho\u1eb7c kh\u00f4ng \u0111\u00fang v\u1edbi c\u00e1c th\u00f4ng tin m\u00f4 t\u1ea3 tr\u00ean website. N\u1ed9i dung c\u1ee7a ch\u00ednh s\u00e1ch \u0111\u1ed5i tr\u1ea3 nh\u01b0 sau:<\/li>\n<\/ul>\n<ul>\n<li>Li\u00ean h\u1ec7 v\u1edbi Trung t\u00e2m ch\u0103m s\u00f3c kh\u00e1ch h\u00e0ng c\u1ee7a ch\u00fang t\u00f4i qua s\u1ed1 \u0111i\u1ec7n tho\u1ea1i: 0167.901.010 t\u1eeb th\u1ee9 2 \u0111\u1ebfn th\u1ee9 7\u00a0 (tr\u1eeb ng\u00e0y l\u1ec5) t\u1eeb 8h30 \u2013 17h30.<\/li>\n<li>Y\u00eau c\u1ea7u ho\u00e0n tr\u1ea3 trong v\u00f2ng 07 ng\u00e0y k\u1ec3 t\u1eeb ng\u00e0y nh\u1eadn h\u00e0ng \u0111\u1ed1i v\u1edbi tr\u01b0\u1eddng h\u1ee3p h\u01b0 h\u1ecfng do l\u1ed7i \u0111\u00f3ng g\u00f3i chai l\u1ecd hay bao b\u00ec s\u1ea3n ph\u1ea9m v\u00e0 14 ng\u00e0y \u0111\u1ed1i v\u1edbi tr\u01b0\u1eddng h\u1ee3p s\u1ea3n ph\u1ea9m b\u1ecb nghi v\u1ea5n l\u00e0 bi\u1ebfn \u0111\u1ed5i ch\u1ea5t trong th\u00e0nh ph\u1ea7n s\u1ea3n ph\u1ea9m hay s\u1ea3n ph\u1ea9m g\u00e2y n\u00ean k\u00edch \u1ee9ng tr\u00ean da c\u1ee7a b\u1ea1n \u2013 \u0111\u00e3 \u0111\u01b0\u1ee3c ki\u1ec3m tra v\u00e0 c\u00f3 x\u00e1c nh\u1eadn c\u1ee7a c\u01a1 quan y t\u1ebf (n\u1ebfu c\u1ea7n).<\/li>\n<li>\u0110\u1ea3m b\u1ea3o t\u1ea5t c\u1ea3 th\u00f4ng tin y\u00eau c\u1ea7u \u0111\u1ed5i tr\u1ea3 l\u00e0 \u0111\u1ea7y \u0111\u1ee7 v\u00e0 ch\u00ednh x\u00e1c \u0111\u1ec3 ch\u00fang t\u00f4i x\u1eed l\u00fd vi\u1ec7c trao \u0111\u1ed5i h\u00e0ng c\u1ee7a b\u1ea1n m\u1ed9t c\u00e1ch tr\u00f4i ch\u1ea3y. Vui l\u00f2ng ch\u1ea5p nh\u1eadn \u00edt nh\u1ea5t 14 ng\u00e0y l\u00e0m vi\u1ec7c (ngo\u1ea1i tr\u1eeb ng\u00e0y l\u1ec5) \u0111\u1ec3 ch\u00fang t\u00f4i c\u00f3 th\u1ec3 x\u1eed l\u00fd vi\u1ec7c chuy\u1ec3n \u0111\u1ed5i \u0111\u01a1n h\u00e0ng c\u1ee7a b\u1ea1n.<\/li>\n<\/ul>\n<p><strong>Ph\u01b0\u01a1ng th\u1ee9c \u0111\u1ed5i tr\u1ea3:<\/strong><\/p>\n<ul>\n<li>Kh\u00e1ch h\u00e0ng \u0111\u01b0\u1ee3c \u0111\u1ed5i m\u1edbi s\u1ea3n ph\u1ea9m\/d\u1ecbch v\u1ee5 t\u01b0\u01a1ng \u0111\u01b0\u01a1ng v\u1edbi s\u1ea3n ph\u1ea9m, d\u1ecbch v\u1ee5 b\u1ecb \u0111\u1ed5i tr\u1ea3<\/li>\n<li>Chi ph\u00ed cho vi\u1ec7c \u0111\u1ed5i tr\u1ea3: Kh\u00e1ch h\u00e0ng kh\u00f4ng m\u1ea5t b\u1ea5t k\u00ec chi ch\u00ed n\u00e0o cho vi\u1ec7c \u0111\u1ed5i tr\u1ea3 n\u00e0y<\/li>\n<\/ul>\n<\/div>\n<\/div>\n","protected":false},"excerpt":{"rendered":"<p>CH\u00cdNH S\u00c1CH \u0110\u1ed4I TR\u1ea2 Xem h\u00e0ng \u2013 \u0110\u1ed3ng ki\u1ec3m v\u00e0 Ch\u00ednh s\u00e1ch \u0111\u1ed5i tr\u1ea3 1. Xem h\u00e0ng \u2013 \u0110\u1ed3ng ki\u1ec3m: Nh\u1eb1m \u0111\u00e1p \u1ee9ng nhu c\u1ea7u v\u00e0 b\u1ea3o v\u1ec7 t\u1ed1i \u0111a quy\u1ec1n l\u1ee3i kh\u00e1ch h\u00e0ng khi \u0111\u0103ng k\u00fd t\u1ea1i shop.menard.vn, ch\u00fang t\u00f4i \u0111\u00e3 tri\u1ec3n khai ch\u00ednh s\u00e1ch h\u1ed7 tr\u1ee3 vi\u1ec7c xem v\u00e0 ki\u1ec3m tra h\u00e0ng h\u00f3a [&#8230;]\n","protected":false},"author":1,"featured_media":0,"parent":0,"menu_order":0,"comment_status":"closed","ping_status":"closed","template":"","meta":{"footnotes":""},"class_list":["post-808","page","type-page","status-publish","hentry"],"yoast_head":"<!-- This site is optimized with the Yoast SEO Premium plugin v18.9 (Yoast SEO v19.3) - https:\/\/yoast.com\/wordpress\/plugins\/seo\/ -->\n<title>CH\u00cdNH S\u00c1CH \u0110\u1ed4I TR\u1ea2 - Menard Vi\u1ec7t Nam<\/title>\n<meta name=\"robots\" content=\"index, follow, max-snippet:-1, max-image-preview:large, max-video-preview:-1\" \/>\n<link rel=\"canonical\" href=\"https:\/\/demo8.thanhdientech.com\/menard\/chinh-sach-doi-tra.html\" \/>\n<meta property=\"og:locale\" content=\"vi_VN\" \/>\n<meta property=\"og:type\" content=\"article\" \/>\n<meta property=\"og:title\" content=\"CH\u00cdNH S\u00c1CH \u0110\u1ed4I TR\u1ea2\" \/>\n<meta property=\"og:description\" content=\"CH\u00cdNH S\u00c1CH \u0110\u1ed4I TR\u1ea2 Xem h\u00e0ng \u2013 \u0110\u1ed3ng ki\u1ec3m v\u00e0 Ch\u00ednh s\u00e1ch \u0111\u1ed5i tr\u1ea3 1. Xem h\u00e0ng \u2013 \u0110\u1ed3ng ki\u1ec3m: Nh\u1eb1m \u0111\u00e1p \u1ee9ng nhu c\u1ea7u v\u00e0 b\u1ea3o v\u1ec7 t\u1ed1i \u0111a quy\u1ec1n l\u1ee3i kh\u00e1ch h\u00e0ng khi \u0111\u0103ng k\u00fd t\u1ea1i shop.menard.vn, ch\u00fang t\u00f4i \u0111\u00e3 tri\u1ec3n khai ch\u00ednh s\u00e1ch h\u1ed7 tr\u1ee3 vi\u1ec7c xem v\u00e0 ki\u1ec3m tra h\u00e0ng h\u00f3a [...]\" \/>\n<meta property=\"og:url\" content=\"https:\/\/demo8.thanhdientech.com\/menard\/chinh-sach-doi-tra.html\" \/>\n<meta property=\"og:site_name\" content=\"Menard Vi\u1ec7t Nam\" \/>\n<meta name=\"twitter:card\" content=\"summary_large_image\" \/>\n<meta name=\"twitter:label1\" content=\"\u01af\u1edbc t\u00ednh th\u1eddi gian \u0111\u1ecdc\" \/>\n\t<meta name=\"twitter:data1\" content=\"5 ph\u00fat\" \/>\n<script type=\"application\/ld+json\" class=\"yoast-schema-graph\">{\"@context\":\"https:\/\/schema.org\",\"@graph\":[{\"@type\":\"WebSite\",\"@id\":\"https:\/\/demo8.thanhdientech.com\/menard\/#website\",\"url\":\"https:\/\/demo8.thanhdientech.com\/menard\/\",\"name\":\"Menard Vi\u1ec7t Nam\",\"description\":\"Th\u01b0\u01a1ng hi\u1ec7u m\u1ef9 ph\u1ea9m &amp; Spa cao c\u1ea5p \u0111\u1ebfn t\u1eeb Nh\u1eadt B\u1ea3n\",\"potentialAction\":[{\"@type\":\"SearchAction\",\"target\":{\"@type\":\"EntryPoint\",\"urlTemplate\":\"https:\/\/demo8.thanhdientech.com\/menard\/?s={search_term_string}\"},\"query-input\":\"required name=search_term_string\"}],\"inLanguage\":\"vi\"},{\"@type\":\"WebPage\",\"@id\":\"https:\/\/demo8.thanhdientech.com\/menard\/chinh-sach-doi-tra.html\",\"url\":\"https:\/\/demo8.thanhdientech.com\/menard\/chinh-sach-doi-tra.html\",\"name\":\"CH\u00cdNH S\u00c1CH \u0110\u1ed4I TR\u1ea2 - Menard Vi\u1ec7t Nam\",\"isPartOf\":{\"@id\":\"https:\/\/demo8.thanhdientech.com\/menard\/#website\"},\"datePublished\":\"2023-03-21T14:27:46+00:00\",\"dateModified\":\"2023-03-21T14:27:46+00:00\",\"breadcrumb\":{\"@id\":\"https:\/\/demo8.thanhdientech.com\/menard\/chinh-sach-doi-tra.html#breadcrumb\"},\"inLanguage\":\"vi\",\"potentialAction\":[{\"@type\":\"ReadAction\",\"target\":[\"https:\/\/demo8.thanhdientech.com\/menard\/chinh-sach-doi-tra.html\"]}]},{\"@type\":\"BreadcrumbList\",\"@id\":\"https:\/\/demo8.thanhdientech.com\/menard\/chinh-sach-doi-tra.html#breadcrumb\",\"itemListElement\":[{\"@type\":\"ListItem\",\"position\":1,\"name\":\"Home\",\"item\":\"https:\/\/demo8.thanhdientech.com\/menard\/\"},{\"@type\":\"ListItem\",\"position\":2,\"name\":\"CH\u00cdNH S\u00c1CH \u0110\u1ed4I TR\u1ea2\"}]}]}<\/script>\n<!-- \/ Yoast SEO Premium plugin. -->","yoast_head_json":{"title":"CH\u00cdNH S\u00c1CH \u0110\u1ed4I TR\u1ea2 - Menard Vi\u1ec7t Nam","robots":{"index":"index","follow":"follow","max-snippet":"max-snippet:-1","max-image-preview":"max-image-preview:large","max-video-preview":"max-video-preview:-1"},"canonical":"https:\/\/demo8.thanhdientech.com\/menard\/chinh-sach-doi-tra.html","og_locale":"vi_VN","og_type":"article","og_title":"CH\u00cdNH S\u00c1CH \u0110\u1ed4I TR\u1ea2","og_description":"CH\u00cdNH S\u00c1CH \u0110\u1ed4I TR\u1ea2 Xem h\u00e0ng \u2013 \u0110\u1ed3ng ki\u1ec3m v\u00e0 Ch\u00ednh s\u00e1ch \u0111\u1ed5i tr\u1ea3 1. Xem h\u00e0ng \u2013 \u0110\u1ed3ng ki\u1ec3m: Nh\u1eb1m \u0111\u00e1p \u1ee9ng nhu c\u1ea7u v\u00e0 b\u1ea3o v\u1ec7 t\u1ed1i \u0111a quy\u1ec1n l\u1ee3i kh\u00e1ch h\u00e0ng khi \u0111\u0103ng k\u00fd t\u1ea1i shop.menard.vn, ch\u00fang t\u00f4i \u0111\u00e3 tri\u1ec3n khai ch\u00ednh s\u00e1ch h\u1ed7 tr\u1ee3 vi\u1ec7c xem v\u00e0 ki\u1ec3m tra h\u00e0ng h\u00f3a [...]","og_url":"https:\/\/demo8.thanhdientech.com\/menard\/chinh-sach-doi-tra.html","og_site_name":"Menard Vi\u1ec7t Nam","twitter_card":"summary_large_image","twitter_misc":{"\u01af\u1edbc t\u00ednh th\u1eddi gian \u0111\u1ecdc":"5 ph\u00fat"},"schema":{"@context":"https:\/\/schema.org","@graph":[{"@type":"WebSite","@id":"https:\/\/demo8.thanhdientech.com\/menard\/#website","url":"https:\/\/demo8.thanhdientech.com\/menard\/","name":"Menard Vi\u1ec7t Nam","description":"Th\u01b0\u01a1ng hi\u1ec7u m\u1ef9 ph\u1ea9m &amp; Spa cao c\u1ea5p \u0111\u1ebfn t\u1eeb Nh\u1eadt B\u1ea3n","potentialAction":[{"@type":"SearchAction","target":{"@type":"EntryPoint","urlTemplate":"https:\/\/demo8.thanhdientech.com\/menard\/?s={search_term_string}"},"query-input":"required name=search_term_string"}],"inLanguage":"vi"},{"@type":"WebPage","@id":"https:\/\/demo8.thanhdientech.com\/menard\/chinh-sach-doi-tra.html","url":"https:\/\/demo8.thanhdientech.com\/menard\/chinh-sach-doi-tra.html","name":"CH\u00cdNH S\u00c1CH \u0110\u1ed4I TR\u1ea2 - Menard Vi\u1ec7t Nam","isPartOf":{"@id":"https:\/\/demo8.thanhdientech.com\/menard\/#website"},"datePublished":"2023-03-21T14:27:46+00:00","dateModified":"2023-03-21T14:27:46+00:00","breadcrumb":{"@id":"https:\/\/demo8.thanhdientech.com\/menard\/chinh-sach-doi-tra.html#breadcrumb"},"inLanguage":"vi","potentialAction":[{"@type":"ReadAction","target":["https:\/\/demo8.thanhdientech.com\/menard\/chinh-sach-doi-tra.html"]}]},{"@type":"BreadcrumbList","@id":"https:\/\/demo8.thanhdientech.com\/menard\/chinh-sach-doi-tra.html#breadcrumb","itemListElement":[{"@type":"ListItem","position":1,"name":"Home","item":"https:\/\/demo8.thanhdientech.com\/menard\/"},{"@type":"ListItem","position":2,"name":"CH\u00cdNH S\u00c1CH \u0110\u1ed4I TR\u1ea2"}]}]}},"_links":{"self":[{"href":"https:\/\/demo8.thanhdientech.com\/menard\/wp-json\/wp\/v2\/pages\/808","targetHints":{"allow":["GET"]}}],"collection":[{"href":"https:\/\/demo8.thanhdientech.com\/menard\/wp-json\/wp\/v2\/pages"}],"about":[{"href":"https:\/\/demo8.thanhdientech.com\/menard\/wp-json\/wp\/v2\/types\/page"}],"author":[{"embeddable":true,"href":"https:\/\/demo8.thanhdientech.com\/menard\/wp-json\/wp\/v2\/users\/1"}],"replies":[{"embeddable":true,"href":"https:\/\/demo8.thanhdientech.com\/menard\/wp-json\/wp\/v2\/comments?post=808"}],"version-history":[{"count":1,"href":"https:\/\/demo8.thanhdientech.com\/menard\/wp-json\/wp\/v2\/pages\/808\/revisions"}],"predecessor-version":[{"id":809,"href":"https:\/\/demo8.thanhdientech.com\/menard\/wp-json\/wp\/v2\/pages\/808\/revisions\/809"}],"wp:attachment":[{"href":"https:\/\/demo8.thanhdientech.com\/menard\/wp-json\/wp\/v2\/media?parent=808"}],"curies":[{"name":"wp","href":"https:\/\/api.w.org\/{rel}","templated":true}]}}