{"id":798,"date":"2023-03-21T21:21:16","date_gmt":"2023-03-21T14:21:16","guid":{"rendered":"https:\/\/demo8.thanhdientech.com\/menard\/?page_id=798"},"modified":"2023-03-21T21:21:16","modified_gmt":"2023-03-21T14:21:16","slug":"phuong-thuc-van-chuyen","status":"publish","type":"page","link":"https:\/\/demo8.thanhdientech.com\/menard\/phuong-thuc-van-chuyen.html","title":{"rendered":"PH\u01af\u01a0NG TH\u1ee8C V\u1eacN CHUY\u1ec2N"},"content":{"rendered":"<h1>PH\u01af\u01a0NG TH\u1ee8C V\u1eacN CHUY\u1ec2N<\/h1>\n<h2>1. Th\u1eddi gian v\u1ec1 h\u00e0ng v\u00e0 giao h\u00e0ng d\u1ef1 ki\u1ebfn<\/h2>\n<p>Menard s\u1ebd th\u00f4ng b\u00e1o th\u1eddi gian v\u1ec1 h\u00e0ng v\u00e0 giao h\u00e0ng d\u1ef1 ki\u1ebfn khi b\u1eaft \u0111\u1ea7u m\u1ed7i chi\u1ebfn d\u1ecbch. Th\u1eddi gian v\u1ec1 h\u00e0ng v\u00e0 giao h\u00e0ng d\u1ef1 ki\u1ebfn l\u00e0 th\u1eddi gian Menard t\u00ednh to\u00e1n d\u1ef1a tr\u00ean th\u1eddi gian s\u1ea3n xu\u1ea5t, v\u1eadn chuy\u1ec3n qu\u1ed1c t\u1ebf, nh\u1eadp c\u1ea3ng v\u00e0 th\u1eddi gian ki\u1ec3m \u0111\u1ecbnh ch\u1ea5t l\u01b0\u1ee3ng, \u0111\u00f3ng g\u00f3i t\u1ea1i Vi\u1ec7t Nam Menard s\u1ebd c\u1ed1 g\u1eafng h\u1ebft s\u1ee9c \u0111\u1ec3 \u0111\u00e1p \u1ee9ng th\u1eddi gian v\u1ec1 h\u00e0ng v\u00e0 giao h\u00e0ng d\u1ef1 ki\u1ebfn \u0111\u01b0\u1ee3c t\u1ed1i \u01b0u v\u00e0 ch\u00ednh x\u00e1c nh\u1ea5t. Th\u1eddi gian n\u00e0y c\u00f3 th\u1ec3 b\u1ecb thay \u0111\u1ed5i b\u1edfi v\u00ec nhi\u1ec1u l\u00fd do kh\u00e1ch quan kh\u00f4ng xu\u1ea5t ph\u00e1t t\u1eeb Menard v\u00e0 ch\u00fang t\u00f4i s\u1ebd th\u00f4ng b\u00e1o khi c\u00f3 c\u1eadp nh\u1eadt m\u1edbi nh\u1ea5t.<\/p>\n<h2>2. Th\u1eddi gian giao h\u00e0ng<\/h2>\n<p><em><strong>a. N\u1ed9i th\u00e0nh.<\/strong><\/em><\/p>\n<ul>\n<li>\u00c1p d\u1ee5ng t\u1ea1i H\u00e0 N\u1ed9i v\u00e0 Th\u00e0nh ph\u1ed1 H\u1ed3 Ch\u00ed Minh Th\u1eddi gian giao h\u00e0ng d\u1ef1 ki\u1ebfn t\u1eeb 1-3 ng\u00e0y l\u00e0m vi\u1ec7c (Kh\u00f4ng k\u1ec3 Th\u1ee9 7, Ch\u1ee7 nh\u1eadt)<\/li>\n<\/ul>\n<p><strong><em>b. Ngo\u1ea1i t\u1ec9nh.<\/em><\/strong><\/p>\n<ul>\n<li>\u00c1p d\u1ee5ng cho t\u1ea5t c\u1ea3 c\u00e1c t\u1ec9nh\/ th\u00e0nh ph\u1ed1 kh\u00e1c t\u1ea1i Vi\u1ec7t Nam (Ngo\u1ea1i tr\u1eeb H\u00e0 N\u1ed9i v\u00e0 Th\u00e0nh ph\u1ed1 H\u1ed3 Ch\u00ed Minh)<\/li>\n<li>Th\u1eddi gian giao h\u00e0ng d\u1ef1 ki\u1ebfn t\u1eeb 3-5 ng\u00e0y l\u00e0m vi\u1ec7c (Kh\u00f4ng k\u1ec3 Th\u1ee9 7, Ch\u1ee7 nh\u1eadt)<\/li>\n<\/ul>\n<h2>3. Ph\u00ed v\u1eadn chuy\u1ec3n<\/h2>\n<p>N\u1ed9i th\u00e0nh (H\u00e0 N\u1ed9i v\u00e0 TP. H\u1ed3 Ch\u00ed Minh): 30.000\u0111\/ \u0111\u01a1n h\u00e0ng<\/p>\n<p>Ngo\u1ea1i th\u00e0nh: 40.000\u0111\/ \u0111\u01a1n h\u00e0ng<\/p>\n<p><strong><em>L\u01b0u \u00fd:<\/em><\/strong>\u00a0Ri\u00eang v\u1edbi s\u1ea3n ph\u1ea9m\u00a0<strong>Menard Collagen Gold v\u00e0 Menard Reishi Ginseng<\/strong>:<\/p>\n<ul>\n<li>N\u1ed9i th\u00e0nh (H\u00e0 N\u1ed9i v\u00e0 TP. H\u1ed3 Ch\u00ed Minh): 30.000\u0111\/ \u0111\u01a1n h\u00e0ng<\/li>\n<li>Ngo\u1ea1i th\u00e0nh: 50.000\u0111 \u2013 70.000\u0111\/ \u0111\u01a1n h\u00e0ng<\/li>\n<\/ul>\n","protected":false},"excerpt":{"rendered":"<p>PH\u01af\u01a0NG TH\u1ee8C V\u1eacN CHUY\u1ec2N 1. Th\u1eddi gian v\u1ec1 h\u00e0ng v\u00e0 giao h\u00e0ng d\u1ef1 ki\u1ebfn Menard s\u1ebd th\u00f4ng b\u00e1o th\u1eddi gian v\u1ec1 h\u00e0ng v\u00e0 giao h\u00e0ng d\u1ef1 ki\u1ebfn khi b\u1eaft \u0111\u1ea7u m\u1ed7i chi\u1ebfn d\u1ecbch. Th\u1eddi gian v\u1ec1 h\u00e0ng v\u00e0 giao h\u00e0ng d\u1ef1 ki\u1ebfn l\u00e0 th\u1eddi gian Menard t\u00ednh to\u00e1n d\u1ef1a tr\u00ean th\u1eddi gian s\u1ea3n xu\u1ea5t, v\u1eadn [&#8230;]\n","protected":false},"author":1,"featured_media":0,"parent":0,"menu_order":0,"comment_status":"closed","ping_status":"closed","template":"","meta":{"footnotes":""},"class_list":["post-798","page","type-page","status-publish","hentry"],"yoast_head":"<!-- This site is optimized with the Yoast SEO Premium plugin v18.9 (Yoast SEO v19.3) - https:\/\/yoast.com\/wordpress\/plugins\/seo\/ -->\n<title>PH\u01af\u01a0NG TH\u1ee8C V\u1eacN CHUY\u1ec2N - Menard Vi\u1ec7t Nam<\/title>\n<meta name=\"robots\" content=\"index, follow, max-snippet:-1, max-image-preview:large, max-video-preview:-1\" \/>\n<link rel=\"canonical\" href=\"https:\/\/demo8.thanhdientech.com\/menard\/phuong-thuc-van-chuyen.html\" \/>\n<meta property=\"og:locale\" content=\"vi_VN\" \/>\n<meta property=\"og:type\" content=\"article\" \/>\n<meta property=\"og:title\" content=\"PH\u01af\u01a0NG TH\u1ee8C V\u1eacN CHUY\u1ec2N\" \/>\n<meta property=\"og:description\" content=\"PH\u01af\u01a0NG TH\u1ee8C V\u1eacN CHUY\u1ec2N 1. Th\u1eddi gian v\u1ec1 h\u00e0ng v\u00e0 giao h\u00e0ng d\u1ef1 ki\u1ebfn Menard s\u1ebd th\u00f4ng b\u00e1o th\u1eddi gian v\u1ec1 h\u00e0ng v\u00e0 giao h\u00e0ng d\u1ef1 ki\u1ebfn khi b\u1eaft \u0111\u1ea7u m\u1ed7i chi\u1ebfn d\u1ecbch. Th\u1eddi gian v\u1ec1 h\u00e0ng v\u00e0 giao h\u00e0ng d\u1ef1 ki\u1ebfn l\u00e0 th\u1eddi gian Menard t\u00ednh to\u00e1n d\u1ef1a tr\u00ean th\u1eddi gian s\u1ea3n xu\u1ea5t, v\u1eadn [...]\" \/>\n<meta property=\"og:url\" content=\"https:\/\/demo8.thanhdientech.com\/menard\/phuong-thuc-van-chuyen.html\" \/>\n<meta property=\"og:site_name\" content=\"Menard Vi\u1ec7t Nam\" \/>\n<meta name=\"twitter:card\" content=\"summary_large_image\" \/>\n<meta name=\"twitter:label1\" content=\"\u01af\u1edbc t\u00ednh th\u1eddi gian \u0111\u1ecdc\" \/>\n\t<meta name=\"twitter:data1\" content=\"2 ph\u00fat\" \/>\n<script type=\"application\/ld+json\" class=\"yoast-schema-graph\">{\"@context\":\"https:\/\/schema.org\",\"@graph\":[{\"@type\":\"WebSite\",\"@id\":\"https:\/\/demo8.thanhdientech.com\/menard\/#website\",\"url\":\"https:\/\/demo8.thanhdientech.com\/menard\/\",\"name\":\"Menard Vi\u1ec7t Nam\",\"description\":\"Th\u01b0\u01a1ng hi\u1ec7u m\u1ef9 ph\u1ea9m &amp; Spa cao c\u1ea5p \u0111\u1ebfn t\u1eeb Nh\u1eadt B\u1ea3n\",\"potentialAction\":[{\"@type\":\"SearchAction\",\"target\":{\"@type\":\"EntryPoint\",\"urlTemplate\":\"https:\/\/demo8.thanhdientech.com\/menard\/?s={search_term_string}\"},\"query-input\":\"required name=search_term_string\"}],\"inLanguage\":\"vi\"},{\"@type\":\"WebPage\",\"@id\":\"https:\/\/demo8.thanhdientech.com\/menard\/phuong-thuc-van-chuyen.html\",\"url\":\"https:\/\/demo8.thanhdientech.com\/menard\/phuong-thuc-van-chuyen.html\",\"name\":\"PH\u01af\u01a0NG TH\u1ee8C V\u1eacN CHUY\u1ec2N - Menard Vi\u1ec7t Nam\",\"isPartOf\":{\"@id\":\"https:\/\/demo8.thanhdientech.com\/menard\/#website\"},\"datePublished\":\"2023-03-21T14:21:16+00:00\",\"dateModified\":\"2023-03-21T14:21:16+00:00\",\"breadcrumb\":{\"@id\":\"https:\/\/demo8.thanhdientech.com\/menard\/phuong-thuc-van-chuyen.html#breadcrumb\"},\"inLanguage\":\"vi\",\"potentialAction\":[{\"@type\":\"ReadAction\",\"target\":[\"https:\/\/demo8.thanhdientech.com\/menard\/phuong-thuc-van-chuyen.html\"]}]},{\"@type\":\"BreadcrumbList\",\"@id\":\"https:\/\/demo8.thanhdientech.com\/menard\/phuong-thuc-van-chuyen.html#breadcrumb\",\"itemListElement\":[{\"@type\":\"ListItem\",\"position\":1,\"name\":\"Home\",\"item\":\"https:\/\/demo8.thanhdientech.com\/menard\/\"},{\"@type\":\"ListItem\",\"position\":2,\"name\":\"PH\u01af\u01a0NG TH\u1ee8C V\u1eacN CHUY\u1ec2N\"}]}]}<\/script>\n<!-- \/ Yoast SEO Premium plugin. -->","yoast_head_json":{"title":"PH\u01af\u01a0NG TH\u1ee8C V\u1eacN CHUY\u1ec2N - Menard Vi\u1ec7t Nam","robots":{"index":"index","follow":"follow","max-snippet":"max-snippet:-1","max-image-preview":"max-image-preview:large","max-video-preview":"max-video-preview:-1"},"canonical":"https:\/\/demo8.thanhdientech.com\/menard\/phuong-thuc-van-chuyen.html","og_locale":"vi_VN","og_type":"article","og_title":"PH\u01af\u01a0NG TH\u1ee8C V\u1eacN CHUY\u1ec2N","og_description":"PH\u01af\u01a0NG TH\u1ee8C V\u1eacN CHUY\u1ec2N 1. Th\u1eddi gian v\u1ec1 h\u00e0ng v\u00e0 giao h\u00e0ng d\u1ef1 ki\u1ebfn Menard s\u1ebd th\u00f4ng b\u00e1o th\u1eddi gian v\u1ec1 h\u00e0ng v\u00e0 giao h\u00e0ng d\u1ef1 ki\u1ebfn khi b\u1eaft \u0111\u1ea7u m\u1ed7i chi\u1ebfn d\u1ecbch. Th\u1eddi gian v\u1ec1 h\u00e0ng v\u00e0 giao h\u00e0ng d\u1ef1 ki\u1ebfn l\u00e0 th\u1eddi gian Menard t\u00ednh to\u00e1n d\u1ef1a tr\u00ean th\u1eddi gian s\u1ea3n xu\u1ea5t, v\u1eadn [...]","og_url":"https:\/\/demo8.thanhdientech.com\/menard\/phuong-thuc-van-chuyen.html","og_site_name":"Menard Vi\u1ec7t Nam","twitter_card":"summary_large_image","twitter_misc":{"\u01af\u1edbc t\u00ednh th\u1eddi gian \u0111\u1ecdc":"2 ph\u00fat"},"schema":{"@context":"https:\/\/schema.org","@graph":[{"@type":"WebSite","@id":"https:\/\/demo8.thanhdientech.com\/menard\/#website","url":"https:\/\/demo8.thanhdientech.com\/menard\/","name":"Menard Vi\u1ec7t Nam","description":"Th\u01b0\u01a1ng hi\u1ec7u m\u1ef9 ph\u1ea9m &amp; Spa cao c\u1ea5p \u0111\u1ebfn t\u1eeb Nh\u1eadt B\u1ea3n","potentialAction":[{"@type":"SearchAction","target":{"@type":"EntryPoint","urlTemplate":"https:\/\/demo8.thanhdientech.com\/menard\/?s={search_term_string}"},"query-input":"required name=search_term_string"}],"inLanguage":"vi"},{"@type":"WebPage","@id":"https:\/\/demo8.thanhdientech.com\/menard\/phuong-thuc-van-chuyen.html","url":"https:\/\/demo8.thanhdientech.com\/menard\/phuong-thuc-van-chuyen.html","name":"PH\u01af\u01a0NG TH\u1ee8C V\u1eacN CHUY\u1ec2N - Menard Vi\u1ec7t Nam","isPartOf":{"@id":"https:\/\/demo8.thanhdientech.com\/menard\/#website"},"datePublished":"2023-03-21T14:21:16+00:00","dateModified":"2023-03-21T14:21:16+00:00","breadcrumb":{"@id":"https:\/\/demo8.thanhdientech.com\/menard\/phuong-thuc-van-chuyen.html#breadcrumb"},"inLanguage":"vi","potentialAction":[{"@type":"ReadAction","target":["https:\/\/demo8.thanhdientech.com\/menard\/phuong-thuc-van-chuyen.html"]}]},{"@type":"BreadcrumbList","@id":"https:\/\/demo8.thanhdientech.com\/menard\/phuong-thuc-van-chuyen.html#breadcrumb","itemListElement":[{"@type":"ListItem","position":1,"name":"Home","item":"https:\/\/demo8.thanhdientech.com\/menard\/"},{"@type":"ListItem","position":2,"name":"PH\u01af\u01a0NG TH\u1ee8C V\u1eacN CHUY\u1ec2N"}]}]}},"_links":{"self":[{"href":"https:\/\/demo8.thanhdientech.com\/menard\/wp-json\/wp\/v2\/pages\/798","targetHints":{"allow":["GET"]}}],"collection":[{"href":"https:\/\/demo8.thanhdientech.com\/menard\/wp-json\/wp\/v2\/pages"}],"about":[{"href":"https:\/\/demo8.thanhdientech.com\/menard\/wp-json\/wp\/v2\/types\/page"}],"author":[{"embeddable":true,"href":"https:\/\/demo8.thanhdientech.com\/menard\/wp-json\/wp\/v2\/users\/1"}],"replies":[{"embeddable":true,"href":"https:\/\/demo8.thanhdientech.com\/menard\/wp-json\/wp\/v2\/comments?post=798"}],"version-history":[{"count":1,"href":"https:\/\/demo8.thanhdientech.com\/menard\/wp-json\/wp\/v2\/pages\/798\/revisions"}],"predecessor-version":[{"id":799,"href":"https:\/\/demo8.thanhdientech.com\/menard\/wp-json\/wp\/v2\/pages\/798\/revisions\/799"}],"wp:attachment":[{"href":"https:\/\/demo8.thanhdientech.com\/menard\/wp-json\/wp\/v2\/media?parent=798"}],"curies":[{"name":"wp","href":"https:\/\/api.w.org\/{rel}","templated":true}]}}