{"id":796,"date":"2023-03-21T21:19:24","date_gmt":"2023-03-21T14:19:24","guid":{"rendered":"https:\/\/demo8.thanhdientech.com\/menard\/?page_id=796"},"modified":"2023-03-21T21:19:24","modified_gmt":"2023-03-21T14:19:24","slug":"huong-dan-dat-hang","status":"publish","type":"page","link":"https:\/\/demo8.thanhdientech.com\/menard\/huong-dan-dat-hang.html","title":{"rendered":"H\u01b0\u1edbng d\u1eabn \u0111\u1eb7t h\u00e0ng"},"content":{"rendered":"<h1><b>H\u01b0\u1edbng d\u1eabn \u0111\u1eb7t h\u00e0ng<\/b><\/h1>\n<p>L\u00e0m th\u1ebf n\u00e0o \u0111\u1ec3 t\u00f4i c\u00f3 th\u1ec3 \u0111\u1eb7t h\u00e0ng qua website Menard?<\/p>\n<p>Qu\u00fd kh\u00e1ch c\u00f3 th\u1ec3 \u0111\u1eb7t h\u00e0ng tr\u1ef1c tuy\u1ebfn qua website Menard th\u00f4ng qua c\u00e1c b\u01b0\u1edbc \u0111\u1eb7t h\u00e0ng c\u01a1 b\u1ea3n.<\/p>\n<p>Vui l\u00f2ng tham kh\u1ea3o th\u00f4ng tin chi ti\u1ebft v\u1ec1 t\u1eebng b\u01b0\u1edbc \u0111\u1eb7t h\u00e0ng nh\u01b0 sau:<\/p>\n<p><b>1\/ T\u00ecm ki\u1ebfm s\u1ea3n ph\u1ea9m<\/b><\/p>\n<p>Qu\u00fd kh\u00e1ch c\u00f3 th\u1ec3 t\u00ecm s\u1ea3n ph\u1ea9m theo 3 c\u00e1ch:<\/p>\n<ul>\n<li aria-level=\"1\">G\u00f5 t\u00ean s\u1ea3n ph\u1ea9m v\u00e0o thanh t\u00ecm ki\u1ebfm.<\/li>\n<li aria-level=\"1\">T\u00ecm theo danh m\u1ee5c.<\/li>\n<li aria-level=\"1\">T\u00ecm theo c\u00e1c s\u1ea3n ph\u1ea9m m\u1edbi nh\u1ea5t, b\u00e1n ch\u1ea1y ho\u1eb7c danh m\u1ee5c ph\u1ed5 bi\u1ebfn<\/li>\n<\/ul>\n<p><b>2\/ Th\u00eam s\u1ea3n ph\u1ea9m v\u00e0o gi\u1ecf h\u00e0ng<\/b><\/p>\n<p>Khi \u0111\u00e3 t\u00ecm \u0111\u01b0\u1ee3c s\u1ea3n ph\u1ea9m mong mu\u1ed1n, qu\u00fd kh\u00e1ch vui l\u00f2ng b\u1ea5m v\u00e0o h\u00ecnh ho\u1eb7c t\u00ean s\u1ea3n ph\u1ea9m \u0111\u1ec3 v\u00e0o \u0111\u01b0\u1ee3c trang th\u00f4ng tin chi ti\u1ebft c\u1ee7a s\u1ea3n ph\u1ea9m, sau \u0111\u00f3:<\/p>\n<ul>\n<li aria-level=\"1\">Ki\u1ec3m tra th\u00f4ng tin s\u1ea3n ph\u1ea9m: gi\u00e1, th\u00f4ng tin khuy\u1ebfn m\u00e3i.<\/li>\n<li aria-level=\"1\">Th\u00eam s\u1ea3n ph\u1ea9m v\u00e0o gi\u1ecf h\u00e0ng<\/li>\n<li aria-level=\"1\">Ch\u1ecdn s\u1ed1 l\u01b0\u1ee3ng mong mu\u1ed1n.<\/li>\n<\/ul>\n","protected":false},"excerpt":{"rendered":"<p>H\u01b0\u1edbng d\u1eabn \u0111\u1eb7t h\u00e0ng L\u00e0m th\u1ebf n\u00e0o \u0111\u1ec3 t\u00f4i c\u00f3 th\u1ec3 \u0111\u1eb7t h\u00e0ng qua website Menard? Qu\u00fd kh\u00e1ch c\u00f3 th\u1ec3 \u0111\u1eb7t h\u00e0ng tr\u1ef1c tuy\u1ebfn qua website Menard th\u00f4ng qua c\u00e1c b\u01b0\u1edbc \u0111\u1eb7t h\u00e0ng c\u01a1 b\u1ea3n. Vui l\u00f2ng tham kh\u1ea3o th\u00f4ng tin chi ti\u1ebft v\u1ec1 t\u1eebng b\u01b0\u1edbc \u0111\u1eb7t h\u00e0ng nh\u01b0 sau: 1\/ T\u00ecm ki\u1ebfm s\u1ea3n ph\u1ea9m [&#8230;]\n","protected":false},"author":1,"featured_media":0,"parent":0,"menu_order":0,"comment_status":"closed","ping_status":"closed","template":"","meta":{"footnotes":""},"class_list":["post-796","page","type-page","status-publish","hentry"],"yoast_head":"<!-- This site is optimized with the Yoast SEO Premium plugin v18.9 (Yoast SEO v19.3) - https:\/\/yoast.com\/wordpress\/plugins\/seo\/ -->\n<title>H\u01b0\u1edbng d\u1eabn \u0111\u1eb7t h\u00e0ng - Menard Vi\u1ec7t Nam<\/title>\n<meta name=\"robots\" content=\"index, follow, max-snippet:-1, max-image-preview:large, max-video-preview:-1\" \/>\n<link rel=\"canonical\" href=\"https:\/\/demo8.thanhdientech.com\/menard\/huong-dan-dat-hang.html\" \/>\n<meta property=\"og:locale\" content=\"vi_VN\" \/>\n<meta property=\"og:type\" content=\"article\" \/>\n<meta property=\"og:title\" content=\"H\u01b0\u1edbng d\u1eabn \u0111\u1eb7t h\u00e0ng\" \/>\n<meta property=\"og:description\" content=\"H\u01b0\u1edbng d\u1eabn \u0111\u1eb7t h\u00e0ng L\u00e0m th\u1ebf n\u00e0o \u0111\u1ec3 t\u00f4i c\u00f3 th\u1ec3 \u0111\u1eb7t h\u00e0ng qua website Menard? Qu\u00fd kh\u00e1ch c\u00f3 th\u1ec3 \u0111\u1eb7t h\u00e0ng tr\u1ef1c tuy\u1ebfn qua website Menard th\u00f4ng qua c\u00e1c b\u01b0\u1edbc \u0111\u1eb7t h\u00e0ng c\u01a1 b\u1ea3n. Vui l\u00f2ng tham kh\u1ea3o th\u00f4ng tin chi ti\u1ebft v\u1ec1 t\u1eebng b\u01b0\u1edbc \u0111\u1eb7t h\u00e0ng nh\u01b0 sau: 1\/ T\u00ecm ki\u1ebfm s\u1ea3n ph\u1ea9m [...]\" \/>\n<meta property=\"og:url\" content=\"https:\/\/demo8.thanhdientech.com\/menard\/huong-dan-dat-hang.html\" \/>\n<meta property=\"og:site_name\" content=\"Menard Vi\u1ec7t Nam\" \/>\n<meta name=\"twitter:card\" content=\"summary_large_image\" \/>\n<meta name=\"twitter:label1\" content=\"\u01af\u1edbc t\u00ednh th\u1eddi gian \u0111\u1ecdc\" \/>\n\t<meta name=\"twitter:data1\" content=\"1 ph\u00fat\" \/>\n<script type=\"application\/ld+json\" class=\"yoast-schema-graph\">{\"@context\":\"https:\/\/schema.org\",\"@graph\":[{\"@type\":\"WebSite\",\"@id\":\"https:\/\/demo8.thanhdientech.com\/menard\/#website\",\"url\":\"https:\/\/demo8.thanhdientech.com\/menard\/\",\"name\":\"Menard Vi\u1ec7t Nam\",\"description\":\"Th\u01b0\u01a1ng hi\u1ec7u m\u1ef9 ph\u1ea9m &amp; Spa cao c\u1ea5p \u0111\u1ebfn t\u1eeb Nh\u1eadt B\u1ea3n\",\"potentialAction\":[{\"@type\":\"SearchAction\",\"target\":{\"@type\":\"EntryPoint\",\"urlTemplate\":\"https:\/\/demo8.thanhdientech.com\/menard\/?s={search_term_string}\"},\"query-input\":\"required name=search_term_string\"}],\"inLanguage\":\"vi\"},{\"@type\":\"WebPage\",\"@id\":\"https:\/\/demo8.thanhdientech.com\/menard\/huong-dan-dat-hang.html\",\"url\":\"https:\/\/demo8.thanhdientech.com\/menard\/huong-dan-dat-hang.html\",\"name\":\"H\u01b0\u1edbng d\u1eabn \u0111\u1eb7t h\u00e0ng - Menard Vi\u1ec7t Nam\",\"isPartOf\":{\"@id\":\"https:\/\/demo8.thanhdientech.com\/menard\/#website\"},\"datePublished\":\"2023-03-21T14:19:24+00:00\",\"dateModified\":\"2023-03-21T14:19:24+00:00\",\"breadcrumb\":{\"@id\":\"https:\/\/demo8.thanhdientech.com\/menard\/huong-dan-dat-hang.html#breadcrumb\"},\"inLanguage\":\"vi\",\"potentialAction\":[{\"@type\":\"ReadAction\",\"target\":[\"https:\/\/demo8.thanhdientech.com\/menard\/huong-dan-dat-hang.html\"]}]},{\"@type\":\"BreadcrumbList\",\"@id\":\"https:\/\/demo8.thanhdientech.com\/menard\/huong-dan-dat-hang.html#breadcrumb\",\"itemListElement\":[{\"@type\":\"ListItem\",\"position\":1,\"name\":\"Home\",\"item\":\"https:\/\/demo8.thanhdientech.com\/menard\/\"},{\"@type\":\"ListItem\",\"position\":2,\"name\":\"H\u01b0\u1edbng d\u1eabn \u0111\u1eb7t h\u00e0ng\"}]}]}<\/script>\n<!-- \/ Yoast SEO Premium plugin. -->","yoast_head_json":{"title":"H\u01b0\u1edbng d\u1eabn \u0111\u1eb7t h\u00e0ng - Menard Vi\u1ec7t Nam","robots":{"index":"index","follow":"follow","max-snippet":"max-snippet:-1","max-image-preview":"max-image-preview:large","max-video-preview":"max-video-preview:-1"},"canonical":"https:\/\/demo8.thanhdientech.com\/menard\/huong-dan-dat-hang.html","og_locale":"vi_VN","og_type":"article","og_title":"H\u01b0\u1edbng d\u1eabn \u0111\u1eb7t h\u00e0ng","og_description":"H\u01b0\u1edbng d\u1eabn \u0111\u1eb7t h\u00e0ng L\u00e0m th\u1ebf n\u00e0o \u0111\u1ec3 t\u00f4i c\u00f3 th\u1ec3 \u0111\u1eb7t h\u00e0ng qua website Menard? Qu\u00fd kh\u00e1ch c\u00f3 th\u1ec3 \u0111\u1eb7t h\u00e0ng tr\u1ef1c tuy\u1ebfn qua website Menard th\u00f4ng qua c\u00e1c b\u01b0\u1edbc \u0111\u1eb7t h\u00e0ng c\u01a1 b\u1ea3n. Vui l\u00f2ng tham kh\u1ea3o th\u00f4ng tin chi ti\u1ebft v\u1ec1 t\u1eebng b\u01b0\u1edbc \u0111\u1eb7t h\u00e0ng nh\u01b0 sau: 1\/ T\u00ecm ki\u1ebfm s\u1ea3n ph\u1ea9m [...]","og_url":"https:\/\/demo8.thanhdientech.com\/menard\/huong-dan-dat-hang.html","og_site_name":"Menard Vi\u1ec7t Nam","twitter_card":"summary_large_image","twitter_misc":{"\u01af\u1edbc t\u00ednh th\u1eddi gian \u0111\u1ecdc":"1 ph\u00fat"},"schema":{"@context":"https:\/\/schema.org","@graph":[{"@type":"WebSite","@id":"https:\/\/demo8.thanhdientech.com\/menard\/#website","url":"https:\/\/demo8.thanhdientech.com\/menard\/","name":"Menard Vi\u1ec7t Nam","description":"Th\u01b0\u01a1ng hi\u1ec7u m\u1ef9 ph\u1ea9m &amp; Spa cao c\u1ea5p \u0111\u1ebfn t\u1eeb Nh\u1eadt B\u1ea3n","potentialAction":[{"@type":"SearchAction","target":{"@type":"EntryPoint","urlTemplate":"https:\/\/demo8.thanhdientech.com\/menard\/?s={search_term_string}"},"query-input":"required name=search_term_string"}],"inLanguage":"vi"},{"@type":"WebPage","@id":"https:\/\/demo8.thanhdientech.com\/menard\/huong-dan-dat-hang.html","url":"https:\/\/demo8.thanhdientech.com\/menard\/huong-dan-dat-hang.html","name":"H\u01b0\u1edbng d\u1eabn \u0111\u1eb7t h\u00e0ng - Menard Vi\u1ec7t Nam","isPartOf":{"@id":"https:\/\/demo8.thanhdientech.com\/menard\/#website"},"datePublished":"2023-03-21T14:19:24+00:00","dateModified":"2023-03-21T14:19:24+00:00","breadcrumb":{"@id":"https:\/\/demo8.thanhdientech.com\/menard\/huong-dan-dat-hang.html#breadcrumb"},"inLanguage":"vi","potentialAction":[{"@type":"ReadAction","target":["https:\/\/demo8.thanhdientech.com\/menard\/huong-dan-dat-hang.html"]}]},{"@type":"BreadcrumbList","@id":"https:\/\/demo8.thanhdientech.com\/menard\/huong-dan-dat-hang.html#breadcrumb","itemListElement":[{"@type":"ListItem","position":1,"name":"Home","item":"https:\/\/demo8.thanhdientech.com\/menard\/"},{"@type":"ListItem","position":2,"name":"H\u01b0\u1edbng d\u1eabn \u0111\u1eb7t h\u00e0ng"}]}]}},"_links":{"self":[{"href":"https:\/\/demo8.thanhdientech.com\/menard\/wp-json\/wp\/v2\/pages\/796","targetHints":{"allow":["GET"]}}],"collection":[{"href":"https:\/\/demo8.thanhdientech.com\/menard\/wp-json\/wp\/v2\/pages"}],"about":[{"href":"https:\/\/demo8.thanhdientech.com\/menard\/wp-json\/wp\/v2\/types\/page"}],"author":[{"embeddable":true,"href":"https:\/\/demo8.thanhdientech.com\/menard\/wp-json\/wp\/v2\/users\/1"}],"replies":[{"embeddable":true,"href":"https:\/\/demo8.thanhdientech.com\/menard\/wp-json\/wp\/v2\/comments?post=796"}],"version-history":[{"count":1,"href":"https:\/\/demo8.thanhdientech.com\/menard\/wp-json\/wp\/v2\/pages\/796\/revisions"}],"predecessor-version":[{"id":797,"href":"https:\/\/demo8.thanhdientech.com\/menard\/wp-json\/wp\/v2\/pages\/796\/revisions\/797"}],"wp:attachment":[{"href":"https:\/\/demo8.thanhdientech.com\/menard\/wp-json\/wp\/v2\/media?parent=796"}],"curies":[{"name":"wp","href":"https:\/\/api.w.org\/{rel}","templated":true}]}}