{"id":787,"date":"2023-03-21T20:35:23","date_gmt":"2023-03-21T13:35:23","guid":{"rendered":"https:\/\/demo8.thanhdientech.com\/menard\/?page_id=787"},"modified":"2023-03-21T21:16:28","modified_gmt":"2023-03-21T14:16:28","slug":"gui-yeu-cau-ho-tro","status":"publish","type":"page","link":"https:\/\/demo8.thanhdientech.com\/menard\/gui-yeu-cau-ho-tro.html","title":{"rendered":"G\u1eecI Y\u00caU C\u1ea6U H\u1ed6 TR\u1ee2"},"content":{"rendered":"<div class=\"entry-title\">\n<h2>G\u1eecI Y\u00caU C\u1ea6U H\u1ed6 TR\u1ee2<\/h2>\n<\/div>\n<div class=\"entry\">\n<div class=\"content-post box-single\">\n<p><strong>Gi\u1edbi Thi\u1ec7u Th\u01b0\u01a1ng Hi\u1ec7u Menard<\/strong>\u00a0Th\u00e0nh l\u1eadp t\u1eeb n\u0103m 1959 t\u1ea1i th\u00e0nh ph\u1ed1 bi\u1ec3n xinh \u0111\u1eb9p Nagoya c\u1ee7a Nh\u1eadt B\u1ea3n, Menard \u0111\u00e3 ph\u00e1t tri\u1ec3n tri\u1ec3n m\u1ea1nh m\u1ebd, kh\u00f4ng ch\u1ec9 mang \u0111\u1ebfn nh\u1eefng d\u00f2ng s\u1ea3n ph\u1ea9m t\u1ed1t nh\u1ea5t \u2013 \u0111a d\u1ea1ng nh\u1ea5t, Menard c\u00f2n l\u00e0 nh\u00e0 t\u01b0 v\u1ea5n v\u1ec1 ch\u0103m s\u00f3c s\u1eafc \u0111\u1eb9p, g\u00f3p ph\u1ea7n ki\u1ebfn t\u1ea1o phong c\u00e1ch s\u1ed1ng cho h\u00e0ng tri\u1ec7u ph\u1ee5 n\u1eef tr\u00ean to\u00e0n Th\u1ebf gi\u1edbi. V\u1edbi ph\u01b0\u01a1ng ch\u00e2m \u201cV\u01b0\u01a1n t\u1edbi v\u1ebb \u0111\u1eb9p \u0111\u00edch th\u1ef1c\u201d, Menard mong mu\u1ed1n m\u1ecdi ph\u1ee5 n\u1eef kh\u00e1m ph\u00e1, tr\u00e2n tr\u1ecdng v\u1ebb \u0111\u1eb9p c\u1ee7a ch\u00ednh m\u00ecnh, g\u00f3p ph\u1ea7n mang l\u1ea1i cu\u1ed9c s\u1ed1ng \u00fd ngh\u0129a cho m\u1ed9t n\u1eeda th\u1ebf gi\u1edbi. B\u00ean c\u1ea1nh mong mu\u1ed1n \u0111em l\u1ea1i c\u00e1c s\u1ea3n ph\u1ea9m m\u1ef9 ph\u1ea9m tuy\u1ec7t v\u1eddi nh\u1ea5t, Menard c\u00f2n lu\u00f4n ki\u00ean \u0111\u1ecbnh v\u1edbi s\u1ee9 m\u1ec7nh mang \u0111\u1ebfn v\u1ebb \u0111\u1eb9p to\u00e0n di\u1ec7n t\u1eeb l\u00e0n da \u0111\u1ebfn t\u00e2m h\u1ed3n, m\u1edf ra m\u1ed9t l\u1ed1i s\u1ed1ng thanh tao, th\u1ea5m \u0111\u1eabm v\u0103n h\u00f3a v\u1edbi c\u00e1c t\u00e1c ph\u1ea9m ngh\u1ec7 thu\u1eadt.<\/p>\n<h3><strong>Ch\u00ednh s\u00e1ch \u0111\u1ecbnh danh kh\u00e1ch h\u00e0ng<\/strong><\/h3>\n<p><strong>1. M\u1ee5c \u0111\u00edch<\/strong><\/p>\n<ul>\n<li>X\u00e1c \u0111\u1ecbnh danh t\u00ednh kh\u00e1ch h\u00e0ng v\u00e0 \u0111i\u1ec1u ki\u1ec7n \u00e1p d\u1ee5ng ch\u01b0\u01a1ng tr\u00ecnh khuy\u1ebfn m\u1ea1i<\/li>\n<li>Khuy\u1ebfn kh\u00edch kh\u00e1ch h\u00e0ng tr\u1edf th\u00e0nh th\u00e0nh vi\u00ean l\u00e2u d\u00e0i, h\u01b0\u1edfng c\u00e1c ch\u01b0\u01a1ng tr\u00ecnh \u01b0u \u0111\u00e3i kh\u00e1c<\/li>\n<\/ul>\n<p><strong>2. C\u00e1c h\u00ecnh th\u1ee9c \u0111\u1ecbnh danh kh\u00e1ch h\u00e0ng<\/strong><\/p>\n<ul>\n<li>Kh\u00e1ch h\u00e0ng \u0111\u0103ng k\u00fd tr\u00ean website <strong>shop.menard<\/strong><\/li>\n<li>Kh\u00e1ch h\u00e0ng \u0111\u00e3 t\u1eebng s\u1eed d\u1ee5ng nh\u1eefng s\u1ea3n ph\u1ea9m\/d\u1ecbch v\u1ee5 c\u1ee7a th\u01b0\u01a1ng hi\u1ec7u m\u1ef9 ph\u1ea9m Menard Vi\u1ec7t Nam<\/li>\n<\/ul>\n<h3><strong>\u0110i\u1ec1u kho\u1ea3n v\u00e0 \u0111i\u1ec1u ki\u1ec7n giao d\u1ecbch chung<\/strong><\/h3>\n<p><strong>1. \u00a0Ph\u1ea1m vi \u00e1p d\u1ee5ng:\u00a0<\/strong>cho kh\u00e1ch h\u00e0ng \u0111\u0103ng k\u00fd s\u1ea3n ph\u1ea9m b\u00e1n tr\u00ean <strong>shop.menard<\/strong><\/p>\n<p><strong>2.\u00a0 \u0110i\u1ec1u ki\u1ec7n<\/strong><\/p>\n<ul>\n<li>C\u00e1 nh\u00e2n c\u00f3 \u0111\u1ea7y \u0111\u1ee7 n\u0103ng l\u1ef1c h\u00e0nh vi d\u00e2n s\u1ef1, t\u01b0\u0300 \u0111\u1ee7 18 tu\u1ed5i tr\u1edf l\u00ean<\/li>\n<li>M\u1ecdi t\u1ed5 ch\u1ee9c \u0111\u01b0\u1ee3c th\u00e0nh l\u1eadp v\u00e0 ho\u1ea1t \u0111\u1ed9ng h\u1ee3p pha\u0301p theo quy \u0111\u1ecbnh c\u1ee7a ph\u00e1p lu\u1eadt Vi\u1ec7t Nam.<\/li>\n<\/ul>\n<p><strong>3.\u00a0 \u0110\u1ec1 ngh\u1ecb giao d\u1ecbch \u0111\u1eb7t h\u00e0ng<\/strong><\/p>\n<ul>\n<li>C\u00e1c th\u00f4ng tin v\u1ec1 s\u1ea3n ph\u1ea9m \u0111\u01b0a ra tr\u00ean <strong>shop.menard<\/strong> kh\u00f4ng \u0111\u01b0\u1ee3c hi\u1ec3u l\u00e0 \u0111\u1ec1 ngh\u1ecb giao d\u1ecbch \u0111\u1eb7t h\u00e0ng c\u1ee7a kh\u00e1ch h\u00e0ng v\u1edbi <strong>shop.menard<\/strong><\/li>\n<li>Quan h\u1ec7 giao d\u1ecbch \u0111\u1eb7t h\u00e0ng h\u00ecnh th\u00e0nh v\u00e0 c\u00f3 hi\u1ec7u l\u1ef1c k\u1ec3 t\u1eeb th\u1eddi \u0111i\u1ec3m Kh\u00e1ch h\u00e0ng x\u00e1c nh\u1eadn \u201c\u0110\u0102NG K\u00dd NGAY\u201d tr\u00ean <strong>shop.menard<\/strong>.<\/li>\n<li>\u0110\u1ec3 \u0111\u1ea3m b\u1ea3o t\u00ednh c\u00f4ng b\u1eb1ng v\u00e0 quy\u1ec1n l\u1ee3i c\u1ee7a kha\u0301ch ha\u0300ng la\u0300 ng\u01b0\u1eddi ti\u00eau d\u00f9ng cu\u1ed1i c\u00f9ng, shop.menard.vn c\u00f3 quy\u1ec1n \u00e1p d\u1ee5ng ca\u0301c \u0111i\u1ec1u ki\u1ec7n h\u1ea1n ch\u00ea\u0301 trong vi\u1ec7c \u0111\u0103ng k\u00fd \u0111\u1eb7t h\u00e0ng bao g\u1ed3m nh\u01b0ng kh\u00f4ng gi\u01a1\u0301i h\u1ea1n \u1edf: (i) gi\u01a1\u0301i h\u1ea1n v\u1ec1 s\u1ed1 l\u01b0\u1ee3ng s\u1ea3n ph\u1ea9m t\u1ed1i \u0111a trong \u0111\u01a1n \u0111\u1eb7t h\u00e0ng m\u00e0 m\u1ed9t kh\u00e1ch h\u00e0ng \u0111\u01b0\u1ee3c \u0111\u0103ng k\u00fd; (ii) gi\u01a1\u0301i h\u1ea1n v\u1ec1 m\u1ee5c \u0111\u00edch \u0111\u0103ng k\u00fd s\u1ea3n ph\u1ea9m, theo \u0111\u00f3 s\u1ea3n ph\u1ea9m \u0111\u0103ng k\u00fd tr\u00ean shop.menard.vn\u00a0ch\u1ec9 \u0111\u01b0\u1ee3c s\u1eed d\u1ee5ng \u0111\u1ec3 ti\u00eau d\u00f9ng, kh\u00f4ng \u0111\u01b0\u1ee3c kinh doanh, mua \u0111i ba\u0301n l\u1ea1i, ho\u1eb7c chuy\u1ec3n nh\u01b0\u1ee3ng d\u01b0\u01a1\u0301i b\u1ea5t c\u1ee9 h\u00ecnh th\u1ee9c n\u00e0o; (iii) c\u00e1c gi\u01a1\u0301i h\u1ea1n kh\u00e1c (n\u00ea\u0301u c\u00f3) \u0111\u01b0\u1ee3c quy \u0111\u1ecbnh ri\u00eang.<\/li>\n<li>C\u00e1c ti\u00eau chu\u1ea9n d\u1ecbch v\u1ee5: Mang \u0111\u1ebfn d\u1ecbch v\u1ee5 th\u00e2n thi\u1ec7n v\u00e0 h\u1eefu \u00edch b\u1ea5t c\u1ee9 khi n\u00e0o kh\u00e1ch h\u00e0ng th\u1ef1c hi\u1ec7n giao d\u1ecbch.<\/li>\n<li>Quy tr\u00ecnh cung c\u1ea5p d\u1ecbch v\u1ee5:<\/li>\n<\/ul>\n<p>+ Ti\u1ebfp nh\u1eadn giao d\u1ecbch \u0111\u1eb7t h\u00e0ng c\u1ee7a Kh\u00e1ch h\u00e0ng: qua \u0111\u0103ng k\u00fd tr\u1ef1c tuy\u1ebfn, qua hotline, \u2026<\/p>\n<p>+ Li\u00ean h\u1ec7 x\u00e1c nh\u1eadn th\u00f4ng tin<\/p>\n<p>+ \u0110\u01b0a th\u00f4ng tin kh\u00e1ch h\u00e0ng t\u1edbi c\u00e1c c\u1eeda h\u00e0ng c\u1ee7a Menard Shop &amp; Facial Salon tr\u00ean to\u00e0n qu\u1ed1c<\/p>\n<p>+ G\u1eafn k\u1ebft v\u1edbi kh\u00e1ch h\u00e0ng trong su\u1ed1t th\u1eddi gian cung c\u1ea5p s\u1ea3n ph\u1ea9m\/d\u1ecbch v\u1ee5<\/p>\n<p><strong>4. Th\u1eddi gian cung c\u1ea5p h\u00e0ng h\u00f3a, d\u1ecbch v\u1ee5<\/strong><\/p>\n<p>\u0110\u1ed1i v\u1edbi s\u1ea3n ph\u1ea9m\/d\u1ecbch v\u1ee5 ph\u1ee5c v\u1ee5 giao h\u00e0ng t\u1ea5t c\u1ea3 c\u00e1c ng\u00e0y trong tu\u1ea7n (tr\u1eeb ng\u00e0y L\u1ec5, T\u1ebft)<\/p>\n<p><strong>5. Ph\u1ea1m vi \u0111\u1ecba b\u00e0n giao d\u1ecbch v\u00e0 cung c\u1ea5p h\u00e0ng h\u00f3a, d\u1ecbch v\u1ee5<\/strong><\/p>\n<p>Cung c\u1ea5p s\u1ea3n ph\u1ea9m\/d\u1ecbch v\u1ee5 t\u1ea1i c\u00e1c c\u1eeda h\u00e0ng c\u1ee7a Menard Shop &amp; Facial Salon tr\u00ean to\u00e0n qu\u1ed1c.<\/p>\n<h3><strong>Quy\u1ec1n v\u00e0 tr\u00e1ch nhi\u1ec7m c\u1ee7a kh\u00e1ch h\u00e0ng<\/strong><\/h3>\n<ul>\n<li>\u0110\u01b0\u1ee3c t\u1ef1 do \u0111\u0103ng k\u00fd s\u1ea3n ph\u1ea9m tr\u00ean <strong>shop.menard<\/strong><\/li>\n<li>Khi th\u1ef1c hi\u1ec7n giao d\u1ecbch tr\u00ean shop.menard.vn, kh\u00e1ch h\u00e0ng c\u1ea7n cung c\u1ea5p c\u00e1c th\u00f4ng tin nh\u01b0 \u0111\u01b0\u1ee3c y\u00eau c\u1ea7u t\u00f9y theo th\u1eddi \u0111i\u1ec3m.<\/li>\n<li>\u0110\u1ec3 \u0111\u1ea3m b\u1ea3o quy\u1ec1n l\u1ee3i cho kh\u00e1ch h\u00e0ng, kh\u00e1ch h\u00e0ng c\u1ea7n \u0111\u1ea3m b\u1ea3o c\u00e1c th\u00f4ng tin m\u00e0 kh\u00e1ch h\u00e0ng cung c\u1ea5p cho <strong>shop.menard<\/strong> l\u00e0 ch\u00ednh x\u00e1c, c\u1eadp nh\u1eadt v\u00e0 \u0111\u1ea7y \u0111\u1ee7.<\/li>\n<li>Li\u00ean h\u1ec7 ngay v\u1edbi <strong>shop.menard<\/strong> theo hotline <strong>0379<\/strong> khi c\u00f3 \u00a0th\u1eafc m\u1eafc v\u1ec1 s\u1ea3n ph\u1ea9m\/d\u1ecbch v\u1ee5 tr\u00ean <strong>shop.menard<\/strong>;<\/li>\n<li>C\u00e1c ngh\u0129a v\u1ee5 kh\u00e1c theo quy \u0111\u1ecbnh c\u1ee7a giao d\u1ecbch v\u00e0 ph\u00e1p lu\u1eadt.<\/li>\n<\/ul>\n<h3><strong>Quy\u1ec1n v\u00e0 tr\u00e1ch nhi\u1ec7m c\u1ee7a shop.menard<\/strong><\/h3>\n<ul>\n<li>C\u00f3 quy\u1ec1n y\u00eau c\u1ea7u kh\u00e1ch h\u00e0ng cung c\u1ea5p th\u00f4ng tin ch\u00ednh x\u00e1c, trung th\u1ef1c v\u00e0 c\u1eadp nh\u1eadt khi th\u1ef1c hi\u1ec7n giao d\u1ecbch tr\u00ean <strong>shop.menard<\/strong> v\u00e0 ngh\u0129a v\u1ee5 b\u1ea3o m\u1eadt c\u00e1c th\u00f4ng tin n\u00e0y \u0111\u1ec3 \u0111\u1ea3m b\u1ea3o quy\u1ec1n l\u1ee3i c\u1ee7a kh\u00e1ch h\u00e0ng<\/li>\n<li>C\u00f3 quy\u1ec1n t\u1eeb ch\u1ed1i ho\u1eb7c h\u1ee7y cung c\u1ea5p c\u00e1c s\u1ea3n ph\u1ea9m\/d\u1ecbch v\u1ee5 tr\u00ean <strong>shop.menard<\/strong> \u0111\u1ed1i v\u1edbi c\u00e1c giao d\u1ecbch kh\u00f4ng h\u1ee3p l\u1ec7 m\u00e0 kh\u00f4ng c\u1ea7n s\u1ef1 \u0111\u1ed3ng \u00fd c\u1ee7a kh\u00e1ch h\u00e0ng. Tuy nhi\u00ean, trong tr\u01b0\u1eddng h\u1ee3p n\u00e0y, shop.menard.vn s\u1ebd ti\u1ebfn h\u00e0nh th\u00f4ng b\u00e1o tr\u01b0\u1edbc cho kh\u00e1ch h\u00e0ng.<\/li>\n<\/ul>\n<\/div>\n<\/div>\n","protected":false},"excerpt":{"rendered":"<p>G\u1eecI Y\u00caU C\u1ea6U H\u1ed6 TR\u1ee2 Gi\u1edbi Thi\u1ec7u Th\u01b0\u01a1ng Hi\u1ec7u Menard\u00a0Th\u00e0nh l\u1eadp t\u1eeb n\u0103m 1959 t\u1ea1i th\u00e0nh ph\u1ed1 bi\u1ec3n xinh \u0111\u1eb9p Nagoya c\u1ee7a Nh\u1eadt B\u1ea3n, Menard \u0111\u00e3 ph\u00e1t tri\u1ec3n tri\u1ec3n m\u1ea1nh m\u1ebd, kh\u00f4ng ch\u1ec9 mang \u0111\u1ebfn nh\u1eefng d\u00f2ng s\u1ea3n ph\u1ea9m t\u1ed1t nh\u1ea5t \u2013 \u0111a d\u1ea1ng nh\u1ea5t, Menard c\u00f2n l\u00e0 nh\u00e0 t\u01b0 v\u1ea5n v\u1ec1 ch\u0103m s\u00f3c s\u1eafc [&#8230;]\n","protected":false},"author":1,"featured_media":0,"parent":0,"menu_order":0,"comment_status":"closed","ping_status":"closed","template":"","meta":{"footnotes":""},"class_list":["post-787","page","type-page","status-publish","hentry"],"yoast_head":"<!-- This site is optimized with the Yoast SEO Premium plugin v18.9 (Yoast SEO v19.3) - https:\/\/yoast.com\/wordpress\/plugins\/seo\/ -->\n<title>G\u1eecI Y\u00caU C\u1ea6U H\u1ed6 TR\u1ee2 - Menard Vi\u1ec7t Nam<\/title>\n<meta name=\"robots\" content=\"index, follow, max-snippet:-1, max-image-preview:large, max-video-preview:-1\" \/>\n<link rel=\"canonical\" href=\"https:\/\/demo8.thanhdientech.com\/menard\/gui-yeu-cau-ho-tro.html\" \/>\n<meta property=\"og:locale\" content=\"vi_VN\" \/>\n<meta property=\"og:type\" content=\"article\" \/>\n<meta property=\"og:title\" content=\"G\u1eecI Y\u00caU C\u1ea6U H\u1ed6 TR\u1ee2\" \/>\n<meta property=\"og:description\" content=\"G\u1eecI Y\u00caU C\u1ea6U H\u1ed6 TR\u1ee2 Gi\u1edbi Thi\u1ec7u Th\u01b0\u01a1ng Hi\u1ec7u Menard\u00a0Th\u00e0nh l\u1eadp t\u1eeb n\u0103m 1959 t\u1ea1i th\u00e0nh ph\u1ed1 bi\u1ec3n xinh \u0111\u1eb9p Nagoya c\u1ee7a Nh\u1eadt B\u1ea3n, Menard \u0111\u00e3 ph\u00e1t tri\u1ec3n tri\u1ec3n m\u1ea1nh m\u1ebd, kh\u00f4ng ch\u1ec9 mang \u0111\u1ebfn nh\u1eefng d\u00f2ng s\u1ea3n ph\u1ea9m t\u1ed1t nh\u1ea5t \u2013 \u0111a d\u1ea1ng nh\u1ea5t, Menard c\u00f2n l\u00e0 nh\u00e0 t\u01b0 v\u1ea5n v\u1ec1 ch\u0103m s\u00f3c s\u1eafc [...]\" \/>\n<meta property=\"og:url\" content=\"https:\/\/demo8.thanhdientech.com\/menard\/gui-yeu-cau-ho-tro.html\" \/>\n<meta property=\"og:site_name\" content=\"Menard Vi\u1ec7t Nam\" \/>\n<meta property=\"article:modified_time\" content=\"2023-03-21T14:16:28+00:00\" \/>\n<meta name=\"twitter:card\" content=\"summary_large_image\" \/>\n<meta name=\"twitter:label1\" content=\"\u01af\u1edbc t\u00ednh th\u1eddi gian \u0111\u1ecdc\" \/>\n\t<meta name=\"twitter:data1\" content=\"6 ph\u00fat\" \/>\n<script type=\"application\/ld+json\" class=\"yoast-schema-graph\">{\"@context\":\"https:\/\/schema.org\",\"@graph\":[{\"@type\":\"WebSite\",\"@id\":\"https:\/\/demo8.thanhdientech.com\/menard\/#website\",\"url\":\"https:\/\/demo8.thanhdientech.com\/menard\/\",\"name\":\"Menard Vi\u1ec7t Nam\",\"description\":\"Th\u01b0\u01a1ng hi\u1ec7u m\u1ef9 ph\u1ea9m &amp; Spa cao c\u1ea5p \u0111\u1ebfn t\u1eeb Nh\u1eadt B\u1ea3n\",\"potentialAction\":[{\"@type\":\"SearchAction\",\"target\":{\"@type\":\"EntryPoint\",\"urlTemplate\":\"https:\/\/demo8.thanhdientech.com\/menard\/?s={search_term_string}\"},\"query-input\":\"required name=search_term_string\"}],\"inLanguage\":\"vi\"},{\"@type\":\"WebPage\",\"@id\":\"https:\/\/demo8.thanhdientech.com\/menard\/gui-yeu-cau-ho-tro.html\",\"url\":\"https:\/\/demo8.thanhdientech.com\/menard\/gui-yeu-cau-ho-tro.html\",\"name\":\"G\u1eecI Y\u00caU C\u1ea6U H\u1ed6 TR\u1ee2 - Menard Vi\u1ec7t Nam\",\"isPartOf\":{\"@id\":\"https:\/\/demo8.thanhdientech.com\/menard\/#website\"},\"datePublished\":\"2023-03-21T13:35:23+00:00\",\"dateModified\":\"2023-03-21T14:16:28+00:00\",\"breadcrumb\":{\"@id\":\"https:\/\/demo8.thanhdientech.com\/menard\/gui-yeu-cau-ho-tro.html#breadcrumb\"},\"inLanguage\":\"vi\",\"potentialAction\":[{\"@type\":\"ReadAction\",\"target\":[\"https:\/\/demo8.thanhdientech.com\/menard\/gui-yeu-cau-ho-tro.html\"]}]},{\"@type\":\"BreadcrumbList\",\"@id\":\"https:\/\/demo8.thanhdientech.com\/menard\/gui-yeu-cau-ho-tro.html#breadcrumb\",\"itemListElement\":[{\"@type\":\"ListItem\",\"position\":1,\"name\":\"Home\",\"item\":\"https:\/\/demo8.thanhdientech.com\/menard\/\"},{\"@type\":\"ListItem\",\"position\":2,\"name\":\"G\u1eecI Y\u00caU C\u1ea6U H\u1ed6 TR\u1ee2\"}]}]}<\/script>\n<!-- \/ Yoast SEO Premium plugin. -->","yoast_head_json":{"title":"G\u1eecI Y\u00caU C\u1ea6U H\u1ed6 TR\u1ee2 - Menard Vi\u1ec7t Nam","robots":{"index":"index","follow":"follow","max-snippet":"max-snippet:-1","max-image-preview":"max-image-preview:large","max-video-preview":"max-video-preview:-1"},"canonical":"https:\/\/demo8.thanhdientech.com\/menard\/gui-yeu-cau-ho-tro.html","og_locale":"vi_VN","og_type":"article","og_title":"G\u1eecI Y\u00caU C\u1ea6U H\u1ed6 TR\u1ee2","og_description":"G\u1eecI Y\u00caU C\u1ea6U H\u1ed6 TR\u1ee2 Gi\u1edbi Thi\u1ec7u Th\u01b0\u01a1ng Hi\u1ec7u Menard\u00a0Th\u00e0nh l\u1eadp t\u1eeb n\u0103m 1959 t\u1ea1i th\u00e0nh ph\u1ed1 bi\u1ec3n xinh \u0111\u1eb9p Nagoya c\u1ee7a Nh\u1eadt B\u1ea3n, Menard \u0111\u00e3 ph\u00e1t tri\u1ec3n tri\u1ec3n m\u1ea1nh m\u1ebd, kh\u00f4ng ch\u1ec9 mang \u0111\u1ebfn nh\u1eefng d\u00f2ng s\u1ea3n ph\u1ea9m t\u1ed1t nh\u1ea5t \u2013 \u0111a d\u1ea1ng nh\u1ea5t, Menard c\u00f2n l\u00e0 nh\u00e0 t\u01b0 v\u1ea5n v\u1ec1 ch\u0103m s\u00f3c s\u1eafc [...]","og_url":"https:\/\/demo8.thanhdientech.com\/menard\/gui-yeu-cau-ho-tro.html","og_site_name":"Menard Vi\u1ec7t Nam","article_modified_time":"2023-03-21T14:16:28+00:00","twitter_card":"summary_large_image","twitter_misc":{"\u01af\u1edbc t\u00ednh th\u1eddi gian \u0111\u1ecdc":"6 ph\u00fat"},"schema":{"@context":"https:\/\/schema.org","@graph":[{"@type":"WebSite","@id":"https:\/\/demo8.thanhdientech.com\/menard\/#website","url":"https:\/\/demo8.thanhdientech.com\/menard\/","name":"Menard Vi\u1ec7t Nam","description":"Th\u01b0\u01a1ng hi\u1ec7u m\u1ef9 ph\u1ea9m &amp; Spa cao c\u1ea5p \u0111\u1ebfn t\u1eeb Nh\u1eadt B\u1ea3n","potentialAction":[{"@type":"SearchAction","target":{"@type":"EntryPoint","urlTemplate":"https:\/\/demo8.thanhdientech.com\/menard\/?s={search_term_string}"},"query-input":"required name=search_term_string"}],"inLanguage":"vi"},{"@type":"WebPage","@id":"https:\/\/demo8.thanhdientech.com\/menard\/gui-yeu-cau-ho-tro.html","url":"https:\/\/demo8.thanhdientech.com\/menard\/gui-yeu-cau-ho-tro.html","name":"G\u1eecI Y\u00caU C\u1ea6U H\u1ed6 TR\u1ee2 - Menard Vi\u1ec7t Nam","isPartOf":{"@id":"https:\/\/demo8.thanhdientech.com\/menard\/#website"},"datePublished":"2023-03-21T13:35:23+00:00","dateModified":"2023-03-21T14:16:28+00:00","breadcrumb":{"@id":"https:\/\/demo8.thanhdientech.com\/menard\/gui-yeu-cau-ho-tro.html#breadcrumb"},"inLanguage":"vi","potentialAction":[{"@type":"ReadAction","target":["https:\/\/demo8.thanhdientech.com\/menard\/gui-yeu-cau-ho-tro.html"]}]},{"@type":"BreadcrumbList","@id":"https:\/\/demo8.thanhdientech.com\/menard\/gui-yeu-cau-ho-tro.html#breadcrumb","itemListElement":[{"@type":"ListItem","position":1,"name":"Home","item":"https:\/\/demo8.thanhdientech.com\/menard\/"},{"@type":"ListItem","position":2,"name":"G\u1eecI Y\u00caU C\u1ea6U H\u1ed6 TR\u1ee2"}]}]}},"_links":{"self":[{"href":"https:\/\/demo8.thanhdientech.com\/menard\/wp-json\/wp\/v2\/pages\/787","targetHints":{"allow":["GET"]}}],"collection":[{"href":"https:\/\/demo8.thanhdientech.com\/menard\/wp-json\/wp\/v2\/pages"}],"about":[{"href":"https:\/\/demo8.thanhdientech.com\/menard\/wp-json\/wp\/v2\/types\/page"}],"author":[{"embeddable":true,"href":"https:\/\/demo8.thanhdientech.com\/menard\/wp-json\/wp\/v2\/users\/1"}],"replies":[{"embeddable":true,"href":"https:\/\/demo8.thanhdientech.com\/menard\/wp-json\/wp\/v2\/comments?post=787"}],"version-history":[{"count":2,"href":"https:\/\/demo8.thanhdientech.com\/menard\/wp-json\/wp\/v2\/pages\/787\/revisions"}],"predecessor-version":[{"id":795,"href":"https:\/\/demo8.thanhdientech.com\/menard\/wp-json\/wp\/v2\/pages\/787\/revisions\/795"}],"wp:attachment":[{"href":"https:\/\/demo8.thanhdientech.com\/menard\/wp-json\/wp\/v2\/media?parent=787"}],"curies":[{"name":"wp","href":"https:\/\/api.w.org\/{rel}","templated":true}]}}